{"id":4248,"date":"2025-05-27T08:46:06","date_gmt":"2025-05-27T08:46:06","guid":{"rendered":"https:\/\/dutchsalads.nl\/?page_id=4248"},"modified":"2025-06-04T12:34:04","modified_gmt":"2025-06-04T12:34:04","slug":"umwelt","status":"publish","type":"page","link":"https:\/\/dutchsalads.nl\/index.php\/de\/umwelt\/","title":{"rendered":"Umwelt"},"content":{"rendered":"<p>[et_pb_section fb_built=&#8221;1&#8243; custom_padding_last_edited=&#8221;on|tablet&#8221; admin_label=&#8221;Hero environment&#8221; _builder_version=&#8221;4.27.4&#8243; _module_preset=&#8221;default&#8221; background_image=&#8221;https:\/\/dutchsalads.nl\/wp-content\/uploads\/2025\/03\/GettyImages-1312002470-1.jpg&#8221; vertical_offset=&#8221;0px&#8221; z_index=&#8221;1&#8243; width=&#8221;100%&#8221; min_height=&#8221;463px&#8221; min_height_tablet=&#8221;380px&#8221; min_height_phone=&#8221;298px&#8221; min_height_last_edited=&#8221;on|tablet&#8221; custom_padding=&#8221;16%||16%||true|false&#8221; custom_padding_tablet=&#8221;16%||16%||true|false&#8221; custom_padding_phone=&#8221;16%||16%||true|false&#8221; background_last_edited=&#8221;on|phone&#8221; background_image_phone=&#8221;https:\/\/dutchsalads.nl\/wp-content\/uploads\/2025\/03\/GettyImages-1312002470-3.jpg&#8221; background_enable_image_phone=&#8221;on&#8221; global_colors_info=&#8221;{}&#8221;][et_pb_row _builder_version=&#8221;4.27.4&#8243; _module_preset=&#8221;default&#8221; positioning=&#8221;absolute&#8221; position_origin_a=&#8221;bottom_right&#8221; vertical_offset=&#8221;16%&#8221; horizontal_offset=&#8221;-5%&#8221; vertical_offset_tablet=&#8221;16%&#8221; vertical_offset_phone=&#8221;16%&#8221; vertical_offset_last_edited=&#8221;on|phone&#8221; horizontal_offset_tablet=&#8221;-11%&#8221; horizontal_offset_phone=&#8221;2%&#8221; horizontal_offset_last_edited=&#8221;on|tablet&#8221; position_origin_a_tablet=&#8221;&#8221; position_origin_a_phone=&#8221;&#8221; position_origin_a_last_edited=&#8221;on|phone&#8221; position_origin_f_tablet=&#8221;&#8221; position_origin_f_phone=&#8221;&#8221; position_origin_f_last_edited=&#8221;on|tablet&#8221; position_origin_r_tablet=&#8221;&#8221; position_origin_r_phone=&#8221;&#8221; position_origin_r_last_edited=&#8221;on|tablet&#8221; custom_margin=&#8221;0px|0px|0px|0px|false|false&#8221; custom_padding=&#8221;0px|0px|0px|0px|false|false&#8221; positioning_tablet=&#8221;absolute&#8221; positioning_phone=&#8221;absolute&#8221; positioning_last_edited=&#8221;on|desktop&#8221; global_colors_info=&#8221;{}&#8221;][et_pb_column type=&#8221;4_4&#8243; _builder_version=&#8221;4.27.4&#8243; _module_preset=&#8221;default&#8221; global_colors_info=&#8221;{}&#8221;][et_pb_text _builder_version=&#8221;4.27.4&#8243; _module_preset=&#8221;default&#8221; header_font=&#8221;Exo|900||on|||||&#8221; header_text_color=&#8221;#FFFFFF&#8221; header_font_size=&#8221;53px&#8221; header_letter_spacing=&#8221;1.4px&#8221; header_line_height=&#8221;117%&#8221; width=&#8221;528px&#8221; width_tablet=&#8221;363px&#8221; width_phone=&#8221;300px&#8221; width_last_edited=&#8221;on|phone&#8221; max_width_tablet=&#8221;&#8221; max_width_phone=&#8221;&#8221; max_width_last_edited=&#8221;on|desktop&#8221; height=&#8221;40px&#8221; custom_margin=&#8221;0px|0px|0px|0px|false|false&#8221; custom_padding=&#8221;0px|0px|0px|0px|false|false&#8221; header_font_size_tablet=&#8221;38px&#8221; header_font_size_phone=&#8221;28px&#8221; header_font_size_last_edited=&#8221;on|desktop&#8221; global_colors_info=&#8221;{}&#8221;]<\/p>\n<h1>a livable planet<\/h1>\n<p>[\/et_pb_text][\/et_pb_column][\/et_pb_row][\/et_pb_section][et_pb_section fb_built=&#8221;1&#8243; custom_padding_last_edited=&#8221;on|tablet&#8221; admin_label=&#8221;Textblok 1 Environment&#8221; _builder_version=&#8221;4.27.4&#8243; _module_preset=&#8221;default&#8221; custom_padding=&#8221;65px|0px|0px|0px|false|false&#8221; custom_padding_tablet=&#8221;45px||0px||false|false&#8221; custom_padding_phone=&#8221;24px||0px||false|false&#8221; global_colors_info=&#8221;{}&#8221;][et_pb_row custom_padding_last_edited=&#8221;on|phone&#8221; _builder_version=&#8221;4.27.4&#8243; _module_preset=&#8221;default&#8221; width=&#8221;auto&#8221; max_width=&#8221;none&#8221; module_alignment=&#8221;center&#8221; custom_padding=&#8221;0px|13.33%|0px|13.33%|false|true&#8221; custom_padding_tablet=&#8221;|10.97%||10.97%|false|true&#8221; custom_padding_phone=&#8221;|7.94%||7.94%|false|true&#8221; global_colors_info=&#8221;{}&#8221;][et_pb_column type=&#8221;4_4&#8243; _builder_version=&#8221;4.27.4&#8243; _module_preset=&#8221;default&#8221; global_colors_info=&#8221;{}&#8221;][et_pb_text _builder_version=&#8221;4.27.4&#8243; _module_preset=&#8221;432ea949-8555-4542-b7d3-b90305005e53&#8243; header_2_line_height=&#8221;0.5em&#8221; custom_padding=&#8221;0px|0px|0px|0px|false|false&#8221; global_colors_info=&#8221;{}&#8221;]<\/p>\n<h1>UMWELT &amp; NACHHALTIGKEIT<\/h1>\n<p>&nbsp;<\/p>\n<h2>Energie<\/h2>\n<p>Wir verf\u00fcgen \u00fcber hochmoderne Gew\u00e4chsh\u00e4user, die darauf ausgelegt sind, ein sch\u00f6nes, sauberes und nachhaltiges Produkt zu produzieren. Um so viel Energie wie m\u00f6glich zu sparen und\/oder wiederzuverwenden, haben wir zahlreiche Ma\u00dfnahmen ergriffen.<br \/>Zum Beispiel sind unsere Sortierhallen mit Solarpaneelen ausgestattet, die mithilfe von E-Boilern Strom in W\u00e4rme umwandeln. Zudem nutzen wir \u00fcbersch\u00fcssige Energie aus Solaranlagen und Windturbinen in der Region. Schlie\u00dflich verwenden wir auch die Abw\u00e4rme aus den H\u00e4fen und Industrien im Raum Rotterdam.<\/p>\n<p>[\/et_pb_text][\/et_pb_column][\/et_pb_row][\/et_pb_section][et_pb_section fb_built=&#8221;1&#8243; custom_padding_last_edited=&#8221;on|phone&#8221; admin_label=&#8221;State of the art greenhouses&#8221; _builder_version=&#8221;4.27.4&#8243; _module_preset=&#8221;default&#8221; custom_padding=&#8221;47px||0px||false|false&#8221; custom_padding_tablet=&#8221;40px||||false|false&#8221; custom_padding_phone=&#8221;32px||0px||false|false&#8221; global_colors_info=&#8221;{}&#8221;][et_pb_row _builder_version=&#8221;4.27.4&#8243; _module_preset=&#8221;default&#8221; background_image=&#8221;https:\/\/dutchsalads.nl\/wp-content\/uploads\/2025\/03\/greenhouse-state-of-2.jpg&#8221; vertical_offset_tablet=&#8221;&#8221; vertical_offset_phone=&#8221;0px&#8221; vertical_offset_last_edited=&#8221;on|phone&#8221; width=&#8221;auto&#8221; width_tablet=&#8221;auto&#8221; width_phone=&#8221;100%&#8221; width_last_edited=&#8221;on|phone&#8221; max_width=&#8221;1250.9px&#8221; module_alignment=&#8221;center&#8221; min_height=&#8221;351px&#8221; min_height_tablet=&#8221;351px&#8221; min_height_phone=&#8221;476px&#8221; min_height_last_edited=&#8221;on|phone&#8221; custom_margin=&#8221;0px|0px|0px|0px|false|false&#8221; custom_padding=&#8221;0px|0px|0px|0px|false|false&#8221; background_last_edited=&#8221;on|phone&#8221; background_image_phone=&#8221;https:\/\/dutchsalads.nl\/wp-content\/uploads\/2025\/03\/greenhouse-state-of-1.jpg&#8221; background_enable_image_phone=&#8221;on&#8221; global_colors_info=&#8221;{}&#8221;][et_pb_column type=&#8221;4_4&#8243; _builder_version=&#8221;4.27.4&#8243; _module_preset=&#8221;default&#8221; global_colors_info=&#8221;{}&#8221;][et_pb_text _builder_version=&#8221;4.27.4&#8243; _module_preset=&#8221;default&#8221; text_font_size=&#8221;18px&#8221; header_3_font=&#8221;Exo|500||on|||||&#8221; header_3_text_color=&#8221;#000000&#8243; header_3_line_height=&#8221;100%&#8221; background_color=&#8221;#FFC700&#8243; positioning=&#8221;absolute&#8221; vertical_offset=&#8221;38px&#8221; horizontal_offset=&#8221;31px&#8221; vertical_offset_tablet=&#8221;81px&#8221; vertical_offset_phone=&#8221;219px&#8221; vertical_offset_last_edited=&#8221;on|tablet&#8221; horizontal_offset_tablet=&#8221;23px&#8221; horizontal_offset_phone=&#8221;31px&#8221; horizontal_offset_last_edited=&#8221;on|desktop&#8221; width=&#8221;100%&#8221; max_width=&#8221;443px&#8221; max_width_tablet=&#8221;344px&#8221; max_width_phone=&#8221;328px&#8221; max_width_last_edited=&#8221;on|phone&#8221; min_height_tablet=&#8221;&#8221; min_height_phone=&#8221;&#8221; min_height_last_edited=&#8221;on|phone&#8221; custom_padding=&#8221;29px|24px|28px|24px|false|true&#8221; custom_padding_tablet=&#8221;32px|28px|32px|30px|false|false&#8221; custom_padding_phone=&#8221;26px|22px||30px|false|false&#8221; custom_padding_last_edited=&#8221;on|tablet&#8221; text_font_size_tablet=&#8221;16px&#8221; text_font_size_phone=&#8221;15px&#8221; text_font_size_last_edited=&#8221;on|desktop&#8221; header_3_font_size_tablet=&#8221;22px&#8221; header_3_font_size_phone=&#8221;20px&#8221; header_3_font_size_last_edited=&#8221;on|desktop&#8221; border_radii=&#8221;on|20px|20px|20px|20px&#8221; global_colors_info=&#8221;{}&#8221;]<\/p>\n<h3>HOCHMODERNE GEW\u00c4CHSH\u00c4USER<\/h3>\n<p>Entwickelt, um sch\u00f6ne, saubere und nachhaltige Produkte zu produzieren, Energie zu sparen und wiederzuverwenden sowie Restw\u00e4rme aus den H\u00e4fen und Industrien Rotterdams zu nutzen.<\/p>\n<p>[\/et_pb_text][\/et_pb_column][\/et_pb_row][\/et_pb_section][et_pb_section fb_built=&#8221;1&#8243; custom_padding_last_edited=&#8221;on|phone&#8221; admin_label=&#8221;Textblok 2 Environment&#8221; _builder_version=&#8221;4.27.4&#8243; _module_preset=&#8221;default&#8221; custom_padding=&#8221;50px|0px|0px|0px|false|false&#8221; custom_padding_tablet=&#8221;45px||0px||false|false&#8221; custom_padding_phone=&#8221;40px||0px||false|false&#8221; global_colors_info=&#8221;{}&#8221;][et_pb_row custom_padding_last_edited=&#8221;on|phone&#8221; _builder_version=&#8221;4.27.4&#8243; _module_preset=&#8221;default&#8221; width=&#8221;auto&#8221; max_width=&#8221;none&#8221; module_alignment=&#8221;center&#8221; custom_padding=&#8221;0px|13.33%|0px|13.33%|false|true&#8221; custom_padding_tablet=&#8221;|10.97%||10.97%|false|true&#8221; custom_padding_phone=&#8221;|7.94%||7.94%|false|true&#8221; global_colors_info=&#8221;{}&#8221;][et_pb_column type=&#8221;4_4&#8243; _builder_version=&#8221;4.27.4&#8243; _module_preset=&#8221;default&#8221; global_colors_info=&#8221;{}&#8221;][et_pb_text _builder_version=&#8221;4.27.4&#8243; _module_preset=&#8221;432ea949-8555-4542-b7d3-b90305005e53&#8243; custom_padding=&#8221;0px|0px|0px|0px|false|false&#8221; global_colors_info=&#8221;{}&#8221;]<\/p>\n<p>Das Besondere daran ist, dass die tags\u00fcber erzeugte Energie gespeichert werden kann, sodass unsere Gew\u00e4chsh\u00e4user auch nachts beheizt werden k\u00f6nnen. Die doppelten Screens in den Gew\u00e4chsh\u00e4usern helfen dabei, die W\u00e4rme zu speichern. Dies geschieht, um die Energie so effizient wie m\u00f6glich zu nutzen.<br \/>An weniger sonnigen Tagen k\u00f6nnen wir auf Kraft-W\u00e4rme-Kopplungssysteme (KWK) umschalten. Diese Gasmotoren wandeln Gas in W\u00e4rme, CO\u2082 und Strom um. Die W\u00e4rme und das CO\u2082 werden von den Erzeugern f\u00fcr die Pflanzen im Gew\u00e4chshaus genutzt, w\u00e4hrend der Strom ins \u00f6ffentliche Netz zur\u00fcckgef\u00fchrt wird.<br \/>Derzeit f\u00fchren wir Tests zur CO\u2082-Extraktion aus der Luft durch, mit dem Ziel, in den n\u00e4chsten Jahren klimaneutral zu werden.<\/p>\n<p>[\/et_pb_text][\/et_pb_column][\/et_pb_row][\/et_pb_section][et_pb_section fb_built=&#8221;1&#8243; custom_padding_last_edited=&#8221;on|phone&#8221; disabled_on=&#8221;on|off|off&#8221; admin_label=&#8221;Inzet water&#8221; _builder_version=&#8221;4.27.4&#8243; _module_preset=&#8221;default&#8221; module_alignment=&#8221;center&#8221; custom_padding=&#8221;42px||0px||false|false&#8221; custom_padding_tablet=&#8221;42px||||false|false&#8221; custom_padding_phone=&#8221;41px||0px||false|false&#8221; global_colors_info=&#8221;{}&#8221;][et_pb_row column_structure=&#8221;1_2,1_2&#8243; make_equal=&#8221;on&#8221; custom_padding_last_edited=&#8221;on|tablet&#8221; _builder_version=&#8221;4.27.4&#8243; _module_preset=&#8221;default&#8221; background_color=&#8221;#FFC700&#8243; width=&#8221;100%&#8221; max_width=&#8221;1153px&#8221; max_width_tablet=&#8221;785px&#8221; max_width_phone=&#8221;785px&#8221; max_width_last_edited=&#8221;on|tablet&#8221; module_alignment=&#8221;center&#8221; custom_margin=&#8221;0px|0px|0px|0px|false|true&#8221; custom_padding=&#8221;3%|0px|3%|0px|true|false&#8221; custom_padding_tablet=&#8221;36px|20px||20px|false|true&#8221; custom_padding_phone=&#8221;36px|20px||20px|false|true&#8221; border_radii=&#8221;on|20px|20px|20px|20px&#8221; global_colors_info=&#8221;{}&#8221; custom_css_main_element_last_edited=&#8221;on|tablet&#8221; custom_css_main_element_tablet=&#8221;display: flex;||column-gap: 20px;&#8221; custom_css_main_element_phone=&#8221;display: flex;||column-gap: 20px;&#8221;][et_pb_column type=&#8221;1_2&#8243; _builder_version=&#8221;4.27.4&#8243; _module_preset=&#8221;default&#8221; custom_padding=&#8221;0px|0px|0px|0px|true|true&#8221; global_colors_info=&#8221;{}&#8221;][et_pb_text _builder_version=&#8221;4.27.4&#8243; _module_preset=&#8221;default&#8221; header_line_height=&#8221;100%&#8221; header_2_line_height=&#8221;0.5em&#8221; text_orientation=&#8221;justified&#8221; custom_margin=&#8221;0px|0px|0px|0px|true|true&#8221; custom_padding=&#8221;0px|0px|0px|0px|true|true&#8221; hover_enabled=&#8221;0&#8243; text_font_size_tablet=&#8221;17px&#8221; custom_css_free_form=&#8221;    .et_pb_gutters2 .et_pb_column_1_2, .et_pb_gutters2.et_pb_row .et_pb_column_1_2 {||        width: 43% !important;||    }&#8221; global_colors_info=&#8221;{}&#8221; sticky_enabled=&#8221;0&#8243;]<\/p>\n<h2>Wasser<\/h2>\n<p>Wir sammeln Regenwasser in gro\u00dfen Becken. Die Gew\u00e4chsh\u00e4user sind mit Dachrinnen ausgestattet, die das gesamte Regenwasser auffangen. Dieses Wasser wird desinfiziert und gefiltert, bevor es den Pflanzen zugef\u00fchrt wird. Nicht aufgenommene Wassermengen werden erneut desinfiziert, gefiltert und \u00fcber Kulturrinnen wiederverwendet.<\/p>\n<p>[\/et_pb_text][\/et_pb_column][et_pb_column type=&#8221;1_2&#8243; _builder_version=&#8221;4.27.4&#8243; _module_preset=&#8221;default&#8221; custom_padding=&#8221;0px|0px|0px|0px|false|true&#8221; global_colors_info=&#8221;{}&#8221;][et_pb_image src=&#8221;https:\/\/dutchsalads.nl\/wp-content\/uploads\/2025\/04\/green-house-2.jpg&#8221; title_text=&#8221;green house (2)&#8221; _builder_version=&#8221;4.27.4&#8243; _module_preset=&#8221;default&#8221; width=&#8221;452px&#8221; max_width=&#8221;100%&#8221; max_width_tablet=&#8221;358px&#8221; max_width_phone=&#8221;358px&#8221; max_width_last_edited=&#8221;on|tablet&#8221; module_alignment=&#8221;right&#8221; height=&#8221;310px&#8221; global_colors_info=&#8221;{}&#8221;][\/et_pb_image][\/et_pb_column][\/et_pb_row][\/et_pb_section][et_pb_section fb_built=&#8221;1&#8243; disabled_on=&#8221;off|on|on&#8221; admin_label=&#8221;Water mobile&#8221; _builder_version=&#8221;4.27.4&#8243; _module_preset=&#8221;default&#8221; global_colors_info=&#8221;{}&#8221;][et_pb_row _builder_version=&#8221;4.27.4&#8243; _module_preset=&#8221;default&#8221; background_color=&#8221;#FFC700&#8243; width=&#8221;100%&#8221; max_width=&#8221;328px&#8221; custom_padding=&#8221;|20px||20px|false|true&#8221; border_radii=&#8221;on|20px|20px|20px|20px&#8221; global_colors_info=&#8221;{}&#8221;][et_pb_column type=&#8221;4_4&#8243; _builder_version=&#8221;4.27.4&#8243; _module_preset=&#8221;default&#8221; global_colors_info=&#8221;{}&#8221;][et_pb_text _builder_version=&#8221;4.27.4&#8243; _module_preset=&#8221;default&#8221; header_line_height=&#8221;100%&#8221; header_2_line_height=&#8221;0.5em&#8221; custom_padding=&#8221;0px||0px||false|false&#8221; hover_enabled=&#8221;0&#8243; global_colors_info=&#8221;{}&#8221; sticky_enabled=&#8221;0&#8243;]<\/p>\n<h2>Wasser<\/h2>\n<p>Wir sammeln Regenwasser in gro\u00dfen Becken. Die Gew\u00e4chsh\u00e4user sind mit Dachrinnen ausgestattet, die das gesamte Regenwasser auffangen. Dieses Wasser wird desinfiziert und gefiltert, bevor es den Pflanzen zugef\u00fchrt wird. Nicht aufgenommene Wassermengen werden erneut desinfiziert, gefiltert und \u00fcber Kulturrinnen wiederverwendet.<\/p>\n<p>[\/et_pb_text][et_pb_image src=&#8221;https:\/\/dutchsalads.nl\/wp-content\/uploads\/2025\/04\/green-house-3.jpg&#8221; title_text=&#8221;green house (3)&#8221; align=&#8221;center&#8221; _builder_version=&#8221;4.27.4&#8243; _module_preset=&#8221;default&#8221; custom_margin=&#8221;0px|0px|0px|0px|false|false&#8221; custom_padding=&#8221;0px|0px|0px|0px|false|false&#8221; global_colors_info=&#8221;{}&#8221;][\/et_pb_image][\/et_pb_column][\/et_pb_row][\/et_pb_section][et_pb_section fb_built=&#8221;1&#8243; custom_padding_last_edited=&#8221;on|tablet&#8221; admin_label=&#8221;Textblok 3 Environment&#8221; _builder_version=&#8221;4.27.4&#8243; _module_preset=&#8221;default&#8221; custom_padding=&#8221;44px|0px|0px|0px|false|false&#8221; custom_padding_tablet=&#8221;42px||0px||false|false&#8221; custom_padding_phone=&#8221;40px||0px||false|false&#8221; global_colors_info=&#8221;{}&#8221;][et_pb_row custom_padding_last_edited=&#8221;on|phone&#8221; _builder_version=&#8221;4.27.4&#8243; _module_preset=&#8221;default&#8221; width=&#8221;auto&#8221; max_width=&#8221;none&#8221; module_alignment=&#8221;center&#8221; custom_padding=&#8221;0px|13.33%|0px|13.33%|false|true&#8221; custom_padding_tablet=&#8221;|10.97%||10.97%|false|true&#8221; custom_padding_phone=&#8221;|7.94%||7.94%|false|true&#8221; global_colors_info=&#8221;{}&#8221;][et_pb_column type=&#8221;4_4&#8243; _builder_version=&#8221;4.27.4&#8243; _module_preset=&#8221;default&#8221; global_colors_info=&#8221;{}&#8221;][et_pb_text _builder_version=&#8221;4.27.4&#8243; _module_preset=&#8221;432ea949-8555-4542-b7d3-b90305005e53&#8243; custom_padding=&#8221;0px|0px|0px|0px|false|false&#8221; global_colors_info=&#8221;{}&#8221;]<\/p>\n<h2><strong>Biologie<\/strong><\/h2>\n<p>Sobald die jungen Pflanzen in unsere Gew\u00e4chsh\u00e4user kommen, setzen wir biologische Sch\u00e4dlingsbek\u00e4mpfungsmethoden ein. Zahlreiche Kameras erfassen sch\u00e4dliche Insekten, sodass wir sofort nat\u00fcrliche Feinde wie Raubmilben und Schlupfwespen einsetzen k\u00f6nnen.<br \/>Regelm\u00e4\u00dfig f\u00fchren wir Tests durch, um sicherzustellen, dass unsere Produkte r\u00fcckstandsfrei sind. Die Testergebnisse werden mit unseren Kunden geteilt.<br \/>Um Qualit\u00e4t, Nachhaltigkeit und ein sauberes Produkt zu gew\u00e4hrleisten, hat Dutch Salads verschiedene Qualit\u00e4tssysteme implementiert, darunter GlobalGAP, Grasp, IFS, PlanetProof und Sedex. Diese Systeme dokumentieren unsere Arbeitsweise und Archivierung und werden j\u00e4hrlich gepr\u00fcft.<br \/>Alle Zertifikate, relevanten Dokumente und MRL-Analyseergebnisse teilen wir mit unseren Kunden \u00fcber Agriplace.<\/p>\n<p>[\/et_pb_text][\/et_pb_column][\/et_pb_row][\/et_pb_section][et_pb_section fb_built=&#8221;1&#8243; custom_padding_last_edited=&#8221;on|tablet&#8221; admin_label=&#8221;Video Environment&#8221; _builder_version=&#8221;4.27.4&#8243; _module_preset=&#8221;default&#8221; custom_padding=&#8221;40px||80px||false|false&#8221; custom_padding_tablet=&#8221;35px||50px||false|false&#8221; custom_padding_phone=&#8221;33px||47px||false|false&#8221; global_colors_info=&#8221;{}&#8221;][et_pb_row custom_padding_last_edited=&#8221;on|phone&#8221; _builder_version=&#8221;4.27.4&#8243; _module_preset=&#8221;default&#8221; background_color=&#8221;#f5f5f5&#8243; width=&#8221;100%&#8221; max_width=&#8221;1153px&#8221; module_alignment=&#8221;center&#8221; custom_padding=&#8221;73px|108px|72px|109px|false|false&#8221; custom_padding_tablet=&#8221;73px|108px|72px|109px|false|false&#8221; custom_padding_phone=&#8221;37px|31px|37px|31px|true|true&#8221; global_colors_info=&#8221;{}&#8221;][et_pb_column type=&#8221;4_4&#8243; _builder_version=&#8221;4.27.4&#8243; _module_preset=&#8221;default&#8221; global_colors_info=&#8221;{}&#8221;][et_pb_video src=&#8221;https:\/\/dutchsalads.nl\/wp-content\/uploads\/2025\/02\/2024_Dutch_Salads_1920x1080_UmweltNachhaltigkeit.mp4&#8243; _builder_version=&#8221;4.27.4&#8243; _module_preset=&#8221;default&#8221; global_colors_info=&#8221;{}&#8221;][\/et_pb_video][\/et_pb_column][\/et_pb_row][\/et_pb_section]<\/p>\n","protected":false},"excerpt":{"rendered":"<p>a livable planetUMWELT &amp; NACHHALTIGKEIT &nbsp; Energie Wir verf\u00fcgen \u00fcber hochmoderne Gew\u00e4chsh\u00e4user, die darauf ausgelegt sind, ein sch\u00f6nes, sauberes und nachhaltiges Produkt zu produzieren. Um so viel Energie wie m\u00f6glich zu sparen und\/oder wiederzuverwenden, haben wir zahlreiche Ma\u00dfnahmen ergriffen.Zum Beispiel sind unsere Sortierhallen mit Solarpaneelen ausgestattet, die mithilfe von E-Boilern Strom in W\u00e4rme umwandeln. Zudem [&hellip;]<\/p>\n","protected":false},"author":2,"featured_media":0,"parent":0,"menu_order":0,"comment_status":"closed","ping_status":"closed","template":"","meta":{"_et_pb_use_builder":"on","_et_pb_old_content":"","_et_gb_content_width":"","footnotes":""},"class_list":["post-4248","page","type-page","status-publish","hentry"],"_links":{"self":[{"href":"https:\/\/dutchsalads.nl\/index.php\/wp-json\/wp\/v2\/pages\/4248","targetHints":{"allow":["GET"]}}],"collection":[{"href":"https:\/\/dutchsalads.nl\/index.php\/wp-json\/wp\/v2\/pages"}],"about":[{"href":"https:\/\/dutchsalads.nl\/index.php\/wp-json\/wp\/v2\/types\/page"}],"author":[{"embeddable":true,"href":"https:\/\/dutchsalads.nl\/index.php\/wp-json\/wp\/v2\/users\/2"}],"replies":[{"embeddable":true,"href":"https:\/\/dutchsalads.nl\/index.php\/wp-json\/wp\/v2\/comments?post=4248"}],"version-history":[{"count":3,"href":"https:\/\/dutchsalads.nl\/index.php\/wp-json\/wp\/v2\/pages\/4248\/revisions"}],"predecessor-version":[{"id":4333,"href":"https:\/\/dutchsalads.nl\/index.php\/wp-json\/wp\/v2\/pages\/4248\/revisions\/4333"}],"wp:attachment":[{"href":"https:\/\/dutchsalads.nl\/index.php\/wp-json\/wp\/v2\/media?parent=4248"}],"curies":[{"name":"wp","href":"https:\/\/api.w.org\/{rel}","templated":true}]}}