{"id":4249,"date":"2025-05-27T08:57:05","date_gmt":"2025-05-27T08:57:05","guid":{"rendered":"https:\/\/dutchsalads.nl\/?page_id=4249"},"modified":"2025-06-12T08:18:10","modified_gmt":"2025-06-12T08:18:10","slug":"innovation-de","status":"publish","type":"page","link":"https:\/\/dutchsalads.nl\/index.php\/de\/innovation-de\/","title":{"rendered":"Innovation"},"content":{"rendered":"<p>[et_pb_section fb_built=&#8221;1&#8243; admin_label=&#8221;Hero Innovation&#8221; _builder_version=&#8221;4.27.4&#8243; _module_preset=&#8221;default&#8221; background_image=&#8221;https:\/\/dutchsalads.nl\/wp-content\/uploads\/2025\/03\/GettyImages-1305166589-2.jpg&#8221; vertical_offset=&#8221;0px&#8221; z_index=&#8221;1&#8243; width=&#8221;100%&#8221; min_height=&#8221;463px&#8221; min_height_tablet=&#8221;380px&#8221; min_height_phone=&#8221;298px&#8221; min_height_last_edited=&#8221;on|tablet&#8221; custom_padding=&#8221;16%|0px|16%|0px|true|false&#8221; background_last_edited=&#8221;on|phone&#8221; background_image_phone=&#8221;https:\/\/dutchsalads.nl\/wp-content\/uploads\/2025\/03\/gettyimages-1305166589-170667a-1.jpg&#8221; background_enable_image_phone=&#8221;on&#8221; global_colors_info=&#8221;{}&#8221;][et_pb_row _builder_version=&#8221;4.27.4&#8243; _module_preset=&#8221;default&#8221; positioning=&#8221;absolute&#8221; position_origin_a=&#8221;bottom_right&#8221; vertical_offset=&#8221;9%&#8221; horizontal_offset=&#8221;23%&#8221; vertical_offset_tablet=&#8221;7%&#8221; vertical_offset_phone=&#8221;18%&#8221; vertical_offset_last_edited=&#8221;on|phone&#8221; horizontal_offset_tablet=&#8221;-2%&#8221; horizontal_offset_phone=&#8221;14%&#8221; horizontal_offset_last_edited=&#8221;on|tablet&#8221; position_origin_a_tablet=&#8221;&#8221; position_origin_a_phone=&#8221;&#8221; position_origin_a_last_edited=&#8221;on|tablet&#8221; position_origin_f_tablet=&#8221;&#8221; position_origin_f_phone=&#8221;&#8221; position_origin_f_last_edited=&#8221;on|tablet&#8221; position_origin_r_tablet=&#8221;&#8221; position_origin_r_phone=&#8221;&#8221; position_origin_r_last_edited=&#8221;on|tablet&#8221; max_width=&#8221;1152px&#8221; custom_margin=&#8221;0px|0px|0px|0px|false|false&#8221; custom_padding=&#8221;0px|0px|0px|0px|false|false&#8221; positioning_tablet=&#8221;absolute&#8221; positioning_phone=&#8221;absolute&#8221; positioning_last_edited=&#8221;on|desktop&#8221; global_colors_info=&#8221;{}&#8221;][et_pb_column type=&#8221;4_4&#8243; _builder_version=&#8221;4.27.4&#8243; _module_preset=&#8221;default&#8221; global_colors_info=&#8221;{}&#8221;][et_pb_text _builder_version=&#8221;4.27.4&#8243; _module_preset=&#8221;default&#8221; header_font=&#8221;Exo|900||on|||||&#8221; header_text_color=&#8221;#FFFFFF&#8221; header_font_size=&#8221;53px&#8221; header_letter_spacing=&#8221;1.4px&#8221; header_line_height=&#8221;117%&#8221; width=&#8221;715px&#8221; width_tablet=&#8221;80%&#8221; width_phone=&#8221;347px&#8221; width_last_edited=&#8221;on|phone&#8221; max_width_tablet=&#8221;&#8221; max_width_phone=&#8221;&#8221; max_width_last_edited=&#8221;on|tablet&#8221; module_alignment=&#8221;right&#8221; height=&#8221;69px&#8221; height_tablet=&#8221;80%&#8221; height_phone=&#8221;34px&#8221; height_last_edited=&#8221;on|tablet&#8221; custom_margin=&#8221;0px|0px|0px|0px|false|false&#8221; custom_padding=&#8221;0px|0px|0px|0px|false|false&#8221; header_font_size_tablet=&#8221;38px&#8221; header_font_size_phone=&#8221;28px&#8221; header_font_size_last_edited=&#8221;on|desktop&#8221; global_colors_info=&#8221;{}&#8221;]<\/p>\n<h1>we love what we do<\/h1>\n<p>[\/et_pb_text][\/et_pb_column][\/et_pb_row][\/et_pb_section][et_pb_section fb_built=&#8221;1&#8243; custom_padding_last_edited=&#8221;on|tablet&#8221; admin_label=&#8221;Textblok 1 Environment&#8221; _builder_version=&#8221;4.27.4&#8243; _module_preset=&#8221;default&#8221; custom_padding=&#8221;65px|0px|0px|0px|false|false&#8221; custom_padding_tablet=&#8221;45px||0px||false|false&#8221; custom_padding_phone=&#8221;24px||0px||false|false&#8221; global_colors_info=&#8221;{}&#8221;][et_pb_row custom_padding_last_edited=&#8221;on|phone&#8221; _builder_version=&#8221;4.27.4&#8243; _module_preset=&#8221;default&#8221; width=&#8221;auto&#8221; max_width=&#8221;none&#8221; module_alignment=&#8221;center&#8221; custom_padding=&#8221;0px|13.33%|0px|13.33%|false|true&#8221; custom_padding_tablet=&#8221;|10.97%||10.97%|false|true&#8221; custom_padding_phone=&#8221;|7.94%||7.94%|false|true&#8221; global_colors_info=&#8221;{}&#8221;][et_pb_column type=&#8221;4_4&#8243; _builder_version=&#8221;4.27.4&#8243; _module_preset=&#8221;default&#8221; global_colors_info=&#8221;{}&#8221;][et_pb_text _builder_version=&#8221;4.27.4&#8243; _module_preset=&#8221;432ea949-8555-4542-b7d3-b90305005e53&#8243; custom_padding=&#8221;0px|0px|0px|0px|false|false&#8221; global_colors_info=&#8221;{}&#8221;]<\/p>\n<h1><span data-metadata=\"&lt;!--(figmeta)eyJmaWxlS2V5IjoiZWYwa1lteEZ6dGR2M3gzY0VHejRNeSIsInBhc3RlSUQiOjE3OTYwNzM1OTQsImRhdGFUeXBlIjoic2NlbmUifQo=(\/figmeta)--&gt;\"><\/span><strong>LEIDENSCHAFT, EFFIZIENZ &amp; INNOVATION<\/strong><\/h1>\n<p>Wir und unsere Partnererzeuger kultivieren auf die nachhaltigste und effizienteste Weise, wobei Frische, Qualit\u00e4t, Umwelt und Lebensmittelsicherheit oberste Priorit\u00e4t haben.<br \/>\nWir arbeiten sehr eng mit unseren Erzeugern zusammen. Gemeinsam mit unseren Kunden w\u00e4hlen wir die richtigen Sorten aus. Wir erstellen Anbauprognosen und treffen uns w\u00f6chentlich, um Erwartungen zu besprechen und die vergangenen Perioden zu analysieren.[\/et_pb_text][\/et_pb_column][\/et_pb_row][\/et_pb_section][et_pb_section fb_built=&#8221;1&#8243; custom_padding_last_edited=&#8221;on|phone&#8221; disabled_on=&#8221;off|on|on&#8221; admin_label=&#8221;State of the art greenhouses&#8221; _builder_version=&#8221;4.27.4&#8243; _module_preset=&#8221;default&#8221; max_width_tablet=&#8221;&#8221; max_width_phone=&#8221;&#8221; max_width_last_edited=&#8221;on|tablet&#8221; custom_padding=&#8221;47px||0px||false|false&#8221; custom_padding_tablet=&#8221;40px|0px||0px|false|false&#8221; custom_padding_phone=&#8221;32px||0px||false|false&#8221; global_colors_info=&#8221;{}&#8221;][et_pb_row custom_padding_last_edited=&#8221;on|tablet&#8221; _builder_version=&#8221;4.27.4&#8243; _module_preset=&#8221;default&#8221; background_image=&#8221;https:\/\/dutchsalads.nl\/wp-content\/uploads\/2025\/03\/960xmm_MoreDetail-v3_x2_1918x1246-2.jpg&#8221; vertical_offset_tablet=&#8221;&#8221; vertical_offset_phone=&#8221;0px&#8221; vertical_offset_last_edited=&#8221;on|desktop&#8221; width=&#8221;auto&#8221; width_tablet=&#8221;auto&#8221; width_phone=&#8221;100%&#8221; width_last_edited=&#8221;on|phone&#8221; max_width=&#8221;1248px&#8221; module_alignment=&#8221;center&#8221; min_height=&#8221;351px&#8221; min_height_tablet=&#8221;351px&#8221; min_height_phone=&#8221;476px&#8221; min_height_last_edited=&#8221;on|phone&#8221; custom_margin=&#8221;0px|0px|0px|0px|false|false&#8221; custom_padding=&#8221;0px|0px|0px|0px|false|false&#8221; custom_padding_tablet=&#8221;0px|0px|0px|0px|false|false&#8221; custom_padding_phone=&#8221;0px|0px|0px|0px|false|false&#8221; background_last_edited=&#8221;on|tablet&#8221; background_image_tablet=&#8221;https:\/\/dutchsalads.nl\/wp-content\/uploads\/2025\/03\/960xmm_MoreDetail-v3_x2_1918x1246-2.jpg&#8221; background_image_phone=&#8221;https:\/\/dutchsalads.nl\/wp-content\/uploads\/2025\/03\/960xmm_MoreDetail-v3_x2_1918x1246-1.jpg&#8221; background_enable_image_tablet=&#8221;on&#8221; background_enable_image_phone=&#8221;on&#8221; global_colors_info=&#8221;{}&#8221;][et_pb_column type=&#8221;4_4&#8243; _builder_version=&#8221;4.27.4&#8243; _module_preset=&#8221;default&#8221; global_colors_info=&#8221;{}&#8221;][et_pb_text admin_label=&#8221;Text&#8221; _builder_version=&#8221;4.27.4&#8243; _module_preset=&#8221;default&#8221; text_font_size=&#8221;18px&#8221; header_3_font=&#8221;Exo|500||on|||||&#8221; header_3_text_color=&#8221;#000000&#8243; header_3_font_size=&#8221;24px&#8221; header_3_line_height=&#8221;100%&#8221; background_color=&#8221;#FFC700&#8243; positioning=&#8221;absolute&#8221; vertical_offset=&#8221;23px&#8221; horizontal_offset=&#8221;821px&#8221; z_index=&#8221;0&#8243; vertical_offset_tablet=&#8221;26px&#8221; vertical_offset_phone=&#8221;32px&#8221; vertical_offset_last_edited=&#8221;on|tablet&#8221; horizontal_offset_tablet=&#8221;453px&#8221; horizontal_offset_phone=&#8221;31px&#8221; horizontal_offset_last_edited=&#8221;on|desktop&#8221; position_origin_a_tablet=&#8221;&#8221; position_origin_a_phone=&#8221;&#8221; position_origin_a_last_edited=&#8221;on|tablet&#8221; position_origin_f_tablet=&#8221;&#8221; position_origin_f_phone=&#8221;&#8221; position_origin_f_last_edited=&#8221;on|tablet&#8221; position_origin_r_tablet=&#8221;&#8221; position_origin_r_phone=&#8221;&#8221; position_origin_r_last_edited=&#8221;on|tablet&#8221; width=&#8221;100%&#8221; max_width=&#8221;333px&#8221; max_width_tablet=&#8221;261.4px&#8221; max_width_phone=&#8221;328px&#8221; max_width_last_edited=&#8221;on|phone&#8221; min_height_tablet=&#8221;&#8221; min_height_phone=&#8221;&#8221; min_height_last_edited=&#8221;on|phone&#8221; custom_margin=&#8221;0px||||false|false&#8221; custom_padding=&#8221;28px|26px|29px|27px|false|false&#8221; custom_padding_tablet=&#8221;31px|31px|0px|31px|false|false&#8221; custom_padding_phone=&#8221;28px|20px|32px|21px|false|false&#8221; custom_padding_last_edited=&#8221;on|tablet&#8221; hover_enabled=&#8221;0&#8243; text_font_size_tablet=&#8221;14px&#8221; text_font_size_phone=&#8221;15px&#8221; text_font_size_last_edited=&#8221;on|desktop&#8221; header_font_size_tablet=&#8221;22px&#8221; header_3_font_size_tablet=&#8221;20px&#8221; header_3_font_size_phone=&#8221;20px&#8221; header_3_font_size_last_edited=&#8221;on|desktop&#8221; positioning_tablet=&#8221;absolute&#8221; positioning_phone=&#8221;none&#8221; positioning_last_edited=&#8221;on|tablet&#8221; border_radii=&#8221;on|20px|20px|20px|20px&#8221; global_colors_info=&#8221;{}&#8221; sticky_enabled=&#8221;0&#8243;]<\/p>\n<h3>Hochinnovative Erzeuger<\/h3>\n<p><span>Dank hochmoderner Anlagen. Fortschrittliche Sortierlinien gew\u00e4hrleisten Nachhaltigkeit und Effizienz und sichern die Wettbewerbsf\u00e4higkeit sowohl heute als auch in Zukunft.<\/span><\/p>\n<p>[\/et_pb_text][\/et_pb_column][\/et_pb_row][\/et_pb_section][et_pb_section fb_built=&#8221;1&#8243; disabled_on=&#8221;on|off|off&#8221; _builder_version=&#8221;4.27.4&#8243; _module_preset=&#8221;default&#8221; custom_padding=&#8221;||0px||false|false&#8221; global_colors_info=&#8221;{}&#8221;][et_pb_row disabled_on=&#8221;on|off|off&#8221; _builder_version=&#8221;4.27.4&#8243; _module_preset=&#8221;default&#8221; background_image=&#8221;https:\/\/dutchsalads.nl\/wp-content\/uploads\/2025\/03\/960xmm_MoreDetail-v3_x2_1918x1246-2.jpg&#8221; vertical_offset_tablet=&#8221;&#8221; vertical_offset_phone=&#8221;0px&#8221; vertical_offset_last_edited=&#8221;on|phone&#8221; width=&#8221;auto&#8221; width_tablet=&#8221;auto&#8221; width_phone=&#8221;100%&#8221; width_last_edited=&#8221;on|phone&#8221; max_width=&#8221;1250.9px&#8221; module_alignment=&#8221;center&#8221; min_height=&#8221;351px&#8221; min_height_tablet=&#8221;351px&#8221; min_height_phone=&#8221;476px&#8221; min_height_last_edited=&#8221;on|phone&#8221; custom_margin=&#8221;0px|0px|0px|0px|false|false&#8221; custom_padding=&#8221;0px|5%|0px|0px|false|false&#8221; background_last_edited=&#8221;on|phone&#8221; background_image_phone=&#8221;https:\/\/dutchsalads.nl\/wp-content\/uploads\/2025\/03\/greenhouse-state-of-1.jpg&#8221; background_enable_image_phone=&#8221;on&#8221; global_colors_info=&#8221;{}&#8221;][et_pb_column type=&#8221;4_4&#8243; _builder_version=&#8221;4.27.4&#8243; _module_preset=&#8221;default&#8221; global_colors_info=&#8221;{}&#8221;][et_pb_text _builder_version=&#8221;4.27.4&#8243; _module_preset=&#8221;default&#8221; text_font_size=&#8221;18px&#8221; header_3_font=&#8221;Exo|500||on|||||&#8221; header_3_text_color=&#8221;#000000&#8243; header_3_font_size=&#8221;24px&#8221; header_3_line_height=&#8221;100%&#8221; background_color=&#8221;#FFC700&#8243; vertical_offset=&#8221;23px&#8221; horizontal_offset=&#8221;821px&#8221; z_index=&#8221;0&#8243; vertical_offset_tablet=&#8221;26px&#8221; vertical_offset_phone=&#8221;32px&#8221; vertical_offset_last_edited=&#8221;on|tablet&#8221; horizontal_offset_tablet=&#8221;453px&#8221; horizontal_offset_phone=&#8221;31px&#8221; horizontal_offset_last_edited=&#8221;on|desktop&#8221; position_origin_a_tablet=&#8221;&#8221; position_origin_a_phone=&#8221;&#8221; position_origin_a_last_edited=&#8221;on|tablet&#8221; position_origin_f_tablet=&#8221;&#8221; position_origin_f_phone=&#8221;&#8221; position_origin_f_last_edited=&#8221;on|tablet&#8221; position_origin_r_tablet=&#8221;&#8221; position_origin_r_phone=&#8221;&#8221; position_origin_r_last_edited=&#8221;on|tablet&#8221; width=&#8221;100%&#8221; width_tablet=&#8221;100%&#8221; width_phone=&#8221;100%&#8221; width_last_edited=&#8221;on|desktop&#8221; max_width=&#8221;333px&#8221; max_width_tablet=&#8221;261.4px&#8221; max_width_phone=&#8221;328px&#8221; max_width_last_edited=&#8221;on|desktop&#8221; module_alignment=&#8221;right&#8221; min_height_tablet=&#8221;&#8221; min_height_phone=&#8221;&#8221; min_height_last_edited=&#8221;on|phone&#8221; custom_margin=&#8221;17px||||false|false&#8221; custom_padding=&#8221;28px|26px|29px|27px|false|false&#8221; custom_padding_tablet=&#8221;31px|31px|0px|31px|false|false&#8221; custom_padding_phone=&#8221;28px|20px|32px|21px|false|false&#8221; custom_padding_last_edited=&#8221;on|tablet&#8221; hover_enabled=&#8221;0&#8243; text_font_size_tablet=&#8221;14px&#8221; text_font_size_phone=&#8221;15px&#8221; text_font_size_last_edited=&#8221;on|desktop&#8221; header_font_size_tablet=&#8221;22px&#8221; header_3_font_size_tablet=&#8221;20px&#8221; header_3_font_size_phone=&#8221;20px&#8221; header_3_font_size_last_edited=&#8221;on|desktop&#8221; positioning_tablet=&#8221;none&#8221; positioning_phone=&#8221;none&#8221; positioning_last_edited=&#8221;on|phone&#8221; border_radii=&#8221;on|20px|20px|20px|20px&#8221; locked=&#8221;off&#8221; global_colors_info=&#8221;{}&#8221; sticky_enabled=&#8221;0&#8243;]<\/p>\n<h3>Hochinnovative Erzeuger<\/h3>\n<p><span>Dank hochmoderner Anlagen. Fortschrittliche Sortierlinien gew\u00e4hrleisten Nachhaltigkeit und Effizienz und sichern die Wettbewerbsf\u00e4higkeit sowohl heute als auch in Zukunft.<\/span><span><\/span><\/p>\n<p>[\/et_pb_text][\/et_pb_column][\/et_pb_row][\/et_pb_section][et_pb_section fb_built=&#8221;1&#8243; custom_padding_last_edited=&#8221;on|phone&#8221; admin_label=&#8221;Textblok 2 Environment&#8221; _builder_version=&#8221;4.27.4&#8243; _module_preset=&#8221;default&#8221; custom_padding=&#8221;50px|0px|0px|0px|false|false&#8221; custom_padding_tablet=&#8221;45px||0px||false|false&#8221; custom_padding_phone=&#8221;40px||0px||false|false&#8221; global_colors_info=&#8221;{}&#8221;][et_pb_row custom_padding_last_edited=&#8221;on|phone&#8221; _builder_version=&#8221;4.27.4&#8243; _module_preset=&#8221;default&#8221; width=&#8221;auto&#8221; max_width=&#8221;none&#8221; module_alignment=&#8221;center&#8221; custom_padding=&#8221;0px|13.33%|0px|13.33%|false|true&#8221; custom_padding_tablet=&#8221;|10.97%||10.97%|false|true&#8221; custom_padding_phone=&#8221;|7.94%||7.94%|false|true&#8221; global_colors_info=&#8221;{}&#8221;][et_pb_column type=&#8221;4_4&#8243; _builder_version=&#8221;4.27.4&#8243; _module_preset=&#8221;default&#8221; global_colors_info=&#8221;{}&#8221;][et_pb_text _builder_version=&#8221;4.27.4&#8243; _module_preset=&#8221;432ea949-8555-4542-b7d3-b90305005e53&#8243; custom_padding=&#8221;0px|0px|0px|0px|false|false&#8221; global_colors_info=&#8221;{}&#8221;]<\/p>\n<p>Unsere Erzeuger sind hochinnovativ, was sich in ihren hochmodernen Anlagen widerspiegelt. Die Sortierlinien sind auf dem neuesten Stand der Technik und alles wird unternommen, um in puncto Nachhaltigkeit und Effizienz stets f\u00fchrend zu bleiben \u2013 sowohl jetzt als auch in Zukunft.<br \/>Unsere Vertriebsmanager und Qualit\u00e4tsteams besuchen die Anbaugebiete w\u00f6chentlich, um stets \u00fcber die Qualit\u00e4t und den Lieferstatus informiert zu sein. Alle Updates und Entwicklungen werden dann mit unseren Kunden besprochen, um unangenehme \u00dcberraschungen zu vermeiden.<br \/>Wir unterst\u00fctzen unsere Erzeuger mit einer Marketingorganisation, GMO-Antr\u00e4gen, Anbauberatung, Lebensmittelsicherheit, Handb\u00fcchern und vielem mehr.<br \/>Unser Ziel ist es, gemeinsam mit unseren Erzeugern die besten Ergebnisse zu erzielen, ohne die Interessen unserer Kunden aus den Augen zu verlieren.<\/p>\n<p>[\/et_pb_text][\/et_pb_column][\/et_pb_row][\/et_pb_section][et_pb_section fb_built=&#8221;1&#8243; custom_padding_last_edited=&#8221;on|tablet&#8221; admin_label=&#8221;Video Environment&#8221; _builder_version=&#8221;4.27.4&#8243; _module_preset=&#8221;default&#8221; custom_padding=&#8221;40px||80px||false|false&#8221; custom_padding_tablet=&#8221;35px||50px||false|false&#8221; custom_padding_phone=&#8221;33px||47px||false|false&#8221; global_colors_info=&#8221;{}&#8221;][et_pb_row custom_padding_last_edited=&#8221;on|phone&#8221; _builder_version=&#8221;4.27.4&#8243; _module_preset=&#8221;default&#8221; background_color=&#8221;#f5f5f5&#8243; width=&#8221;100%&#8221; max_width=&#8221;1153px&#8221; module_alignment=&#8221;center&#8221; custom_padding=&#8221;73px|108px|72px|109px|false|false&#8221; custom_padding_tablet=&#8221;73px|108px|72px|109px|false|false&#8221; custom_padding_phone=&#8221;37px|31px|37px|31px|true|true&#8221; global_colors_info=&#8221;{}&#8221;][et_pb_column type=&#8221;4_4&#8243; _builder_version=&#8221;4.27.4&#8243; _module_preset=&#8221;default&#8221; global_colors_info=&#8221;{}&#8221;][et_pb_video src=&#8221;https:\/\/dutchsalads.nl\/wp-content\/uploads\/2025\/02\/2025_Dutch_Salads_1920x1080_Unternehmensfilm.mp4&#8243; _builder_version=&#8221;4.27.4&#8243; _module_preset=&#8221;default&#8221; global_colors_info=&#8221;{}&#8221;][\/et_pb_video][\/et_pb_column][\/et_pb_row][\/et_pb_section]<\/p>\n","protected":false},"excerpt":{"rendered":"<p>we love what we doLEIDENSCHAFT, EFFIZIENZ &amp; INNOVATION Wir und unsere Partnererzeuger kultivieren auf die nachhaltigste und effizienteste Weise, wobei Frische, Qualit\u00e4t, Umwelt und Lebensmittelsicherheit oberste Priorit\u00e4t haben. Wir arbeiten sehr eng mit unseren Erzeugern zusammen. Gemeinsam mit unseren Kunden w\u00e4hlen wir die richtigen Sorten aus. Wir erstellen Anbauprognosen und treffen uns w\u00f6chentlich, um Erwartungen [&hellip;]<\/p>\n","protected":false},"author":2,"featured_media":0,"parent":0,"menu_order":0,"comment_status":"closed","ping_status":"closed","template":"","meta":{"_et_pb_use_builder":"on","_et_pb_old_content":"","_et_gb_content_width":"","footnotes":""},"class_list":["post-4249","page","type-page","status-publish","hentry"],"_links":{"self":[{"href":"https:\/\/dutchsalads.nl\/index.php\/wp-json\/wp\/v2\/pages\/4249","targetHints":{"allow":["GET"]}}],"collection":[{"href":"https:\/\/dutchsalads.nl\/index.php\/wp-json\/wp\/v2\/pages"}],"about":[{"href":"https:\/\/dutchsalads.nl\/index.php\/wp-json\/wp\/v2\/types\/page"}],"author":[{"embeddable":true,"href":"https:\/\/dutchsalads.nl\/index.php\/wp-json\/wp\/v2\/users\/2"}],"replies":[{"embeddable":true,"href":"https:\/\/dutchsalads.nl\/index.php\/wp-json\/wp\/v2\/comments?post=4249"}],"version-history":[{"count":4,"href":"https:\/\/dutchsalads.nl\/index.php\/wp-json\/wp\/v2\/pages\/4249\/revisions"}],"predecessor-version":[{"id":4671,"href":"https:\/\/dutchsalads.nl\/index.php\/wp-json\/wp\/v2\/pages\/4249\/revisions\/4671"}],"wp:attachment":[{"href":"https:\/\/dutchsalads.nl\/index.php\/wp-json\/wp\/v2\/media?parent=4249"}],"curies":[{"name":"wp","href":"https:\/\/api.w.org\/{rel}","templated":true}]}}