{"id":4252,"date":"2025-05-27T09:09:37","date_gmt":"2025-05-27T09:09:37","guid":{"rendered":"https:\/\/dutchsalads.nl\/?page_id=4252"},"modified":"2025-06-17T11:12:05","modified_gmt":"2025-06-17T11:12:05","slug":"erklarung-zum-datenschutz","status":"publish","type":"page","link":"https:\/\/dutchsalads.nl\/index.php\/de\/erklarung-zum-datenschutz\/","title":{"rendered":"Erkl\u00e4rung zum Datenschutz"},"content":{"rendered":"<p>[et_pb_section fb_built=&#8221;1&#8243; custom_padding_last_edited=&#8221;on|tablet&#8221; admin_label=&#8221;Textblok 1 Environment&#8221; _builder_version=&#8221;4.27.4&#8243; _module_preset=&#8221;default&#8221; custom_padding=&#8221;65px|0px|80px|0px|false|false&#8221; custom_padding_tablet=&#8221;45px||55px||false|false&#8221; custom_padding_phone=&#8221;24px||20px||false|false&#8221; global_colors_info=&#8221;{}&#8221;][et_pb_row custom_padding_last_edited=&#8221;on|phone&#8221; _builder_version=&#8221;4.27.4&#8243; _module_preset=&#8221;default&#8221; width=&#8221;auto&#8221; max_width=&#8221;none&#8221; module_alignment=&#8221;center&#8221; custom_padding=&#8221;0px|13.33%|0px|13.33%|false|true&#8221; custom_padding_tablet=&#8221;|10.97%||10.97%|false|true&#8221; custom_padding_phone=&#8221;|7.94%||7.94%|false|true&#8221; global_colors_info=&#8221;{}&#8221;][et_pb_column type=&#8221;4_4&#8243; _builder_version=&#8221;4.27.4&#8243; _module_preset=&#8221;default&#8221; global_colors_info=&#8221;{}&#8221;][et_pb_text _builder_version=&#8221;4.27.4&#8243; _module_preset=&#8221;432ea949-8555-4542-b7d3-b90305005e53&#8243; custom_padding=&#8221;0px|0px|0px|0px|false|false&#8221; hover_enabled=&#8221;0&#8243; global_colors_info=&#8221;{}&#8221; sticky_enabled=&#8221;0&#8243;]<\/p>\n<h1 data-start=\"137\" data-end=\"161\"><strong data-start=\"137\" data-end=\"161\">Datenschutzerkl\u00e4rung<\/strong><\/h1>\n<p data-start=\"163\" data-end=\"378\">Der Schutz der Privatsph\u00e4re unserer Besucher und Kunden hat f\u00fcr uns h\u00f6chste Priorit\u00e4t. In dieser Datenschutzerkl\u00e4rung erl\u00e4utern wir, welche Daten wir erheben, warum wir diese erheben und wie wir Ihre Daten sch\u00fctzen.<\/p>\n<p data-start=\"380\" data-end=\"530\"><strong data-start=\"380\" data-end=\"410\">Welche Daten erfassen wir?<\/strong><br data-start=\"410\" data-end=\"413\" \/>Wir k\u00f6nnen folgende Daten erfassen, wenn Sie unsere Website besuchen oder unsere Dienstleistungen in Anspruch nehmen:<\/p>\n<ul data-start=\"532\" data-end=\"782\">\n<li data-start=\"532\" data-end=\"654\">\n<p data-start=\"534\" data-end=\"654\">Name und Kontaktdaten (z.\u202fB. E-Mail-Adresse und Telefonnummer), sofern Sie diese \u00fcber ein Kontaktformular \u00fcbermitteln;<\/p>\n<\/li>\n<li data-start=\"655\" data-end=\"705\">\n<p data-start=\"657\" data-end=\"705\">IP-Adresse und Browserdaten zu Analysezwecken;<\/p>\n<\/li>\n<li data-start=\"706\" data-end=\"782\">\n<p data-start=\"708\" data-end=\"782\">Alle weiteren Informationen, die Sie uns freiwillig zur Verf\u00fcgung stellen.<\/p>\n<\/li>\n<\/ul>\n<p data-start=\"784\" data-end=\"863\"><strong data-start=\"784\" data-end=\"819\">Warum erfassen wir diese Daten?<\/strong><br data-start=\"819\" data-end=\"822\" \/>Wir erheben und verwenden Ihre Daten, um:<\/p>\n<ul data-start=\"865\" data-end=\"1079\">\n<li data-start=\"865\" data-end=\"927\">\n<p data-start=\"867\" data-end=\"927\">unsere Dienstleistungen bereitzustellen und zu verbessern;<\/p>\n<\/li>\n<li data-start=\"928\" data-end=\"981\">\n<p data-start=\"930\" data-end=\"981\">auf Anfragen zu reagieren und Support zu leisten;<\/p>\n<\/li>\n<li data-start=\"982\" data-end=\"1034\">\n<p data-start=\"984\" data-end=\"1034\">das Nutzererlebnis durch Analysen zu optimieren;<\/p>\n<\/li>\n<li data-start=\"1035\" data-end=\"1079\">\n<p data-start=\"1037\" data-end=\"1079\">gesetzlichen Verpflichtungen nachzukommen.<\/p>\n<\/li>\n<\/ul>\n<p data-start=\"1081\" data-end=\"1273\"><strong data-start=\"1081\" data-end=\"1113\">Wie sch\u00fctzen wir Ihre Daten?<\/strong><br data-start=\"1113\" data-end=\"1116\" \/>Wir treffen geeignete technische und organisatorische Ma\u00dfnahmen, um Ihre personenbezogenen Daten vor unbefugtem Zugriff, Verlust oder Missbrauch zu sch\u00fctzen.<\/p>\n<p data-start=\"1275\" data-end=\"1594\"><strong data-start=\"1275\" data-end=\"1317\">Geben wir Ihre Daten an Dritte weiter?<\/strong><br data-start=\"1317\" data-end=\"1320\" \/>Wir verkaufen oder vermieten Ihre personenbezogenen Daten nicht an Dritte. Daten k\u00f6nnen an Dienstleister weitergegeben werden, die uns bei der Durchf\u00fchrung unserer Gesch\u00e4ftst\u00e4tigkeit unterst\u00fctzen \u2013 unter der Voraussetzung, dass diese unsere Datenschutzrichtlinien einhalten.<\/p>\n<p data-start=\"1596\" data-end=\"1818\"><strong data-start=\"1596\" data-end=\"1611\">Ihre Rechte<\/strong><br data-start=\"1611\" data-end=\"1614\" \/>Sie haben das Recht, Auskunft \u00fcber Ihre personenbezogenen Daten zu erhalten sowie diese berichtigen oder l\u00f6schen zu lassen. Kontaktieren Sie uns gerne, wenn Sie von diesen Rechten Gebrauch machen m\u00f6chten.<\/p>\n<p data-start=\"1820\" data-end=\"2028\"><strong data-start=\"1820\" data-end=\"1865\">\u00c4nderungen an dieser Datenschutzerkl\u00e4rung<\/strong><br data-start=\"1865\" data-end=\"1868\" \/>Diese Datenschutzerkl\u00e4rung kann gelegentlich aktualisiert werden. Bitte besuchen Sie regelm\u00e4\u00dfig diese Seite, um \u00fcber die aktuelle Version informiert zu bleiben.<\/p>\n<p data-start=\"2030\" data-end=\"2096\"><strong data-start=\"2030\" data-end=\"2041\">Fragen?<\/strong><br data-start=\"2041\" data-end=\"2044\" \/>Kontaktieren Sie uns gerne bei Fragen oder Anliegen.<\/p>\n<p>[\/et_pb_text][\/et_pb_column][\/et_pb_row][\/et_pb_section]<\/p>\n","protected":false},"excerpt":{"rendered":"<p>Datenschutzerkl\u00e4rung Der Schutz der Privatsph\u00e4re unserer Besucher und Kunden hat f\u00fcr uns h\u00f6chste Priorit\u00e4t. In dieser Datenschutzerkl\u00e4rung erl\u00e4utern wir, welche Daten wir erheben, warum wir diese erheben und wie wir Ihre Daten sch\u00fctzen. Welche Daten erfassen wir?Wir k\u00f6nnen folgende Daten erfassen, wenn Sie unsere Website besuchen oder unsere Dienstleistungen in Anspruch nehmen: Name und Kontaktdaten [&hellip;]<\/p>\n","protected":false},"author":2,"featured_media":0,"parent":0,"menu_order":5,"comment_status":"closed","ping_status":"closed","template":"","meta":{"_et_pb_use_builder":"on","_et_pb_old_content":"","_et_gb_content_width":"","footnotes":""},"class_list":["post-4252","page","type-page","status-publish","hentry"],"_links":{"self":[{"href":"https:\/\/dutchsalads.nl\/index.php\/wp-json\/wp\/v2\/pages\/4252","targetHints":{"allow":["GET"]}}],"collection":[{"href":"https:\/\/dutchsalads.nl\/index.php\/wp-json\/wp\/v2\/pages"}],"about":[{"href":"https:\/\/dutchsalads.nl\/index.php\/wp-json\/wp\/v2\/types\/page"}],"author":[{"embeddable":true,"href":"https:\/\/dutchsalads.nl\/index.php\/wp-json\/wp\/v2\/users\/2"}],"replies":[{"embeddable":true,"href":"https:\/\/dutchsalads.nl\/index.php\/wp-json\/wp\/v2\/comments?post=4252"}],"version-history":[{"count":3,"href":"https:\/\/dutchsalads.nl\/index.php\/wp-json\/wp\/v2\/pages\/4252\/revisions"}],"predecessor-version":[{"id":4814,"href":"https:\/\/dutchsalads.nl\/index.php\/wp-json\/wp\/v2\/pages\/4252\/revisions\/4814"}],"wp:attachment":[{"href":"https:\/\/dutchsalads.nl\/index.php\/wp-json\/wp\/v2\/media?parent=4252"}],"curies":[{"name":"wp","href":"https:\/\/api.w.org\/{rel}","templated":true}]}}