{"id":4444,"date":"2025-06-10T12:19:08","date_gmt":"2025-06-10T12:19:08","guid":{"rendered":"https:\/\/dutchsalads.nl\/?page_id=4444"},"modified":"2025-06-10T12:19:08","modified_gmt":"2025-06-10T12:19:08","slug":"medio-ambiente","status":"publish","type":"page","link":"https:\/\/dutchsalads.nl\/index.php\/es\/medio-ambiente\/","title":{"rendered":"Medio ambiente"},"content":{"rendered":"<p>[et_pb_section fb_built=&#8221;1&#8243; custom_padding_last_edited=&#8221;on|tablet&#8221; admin_label=&#8221;Hero environment&#8221; _builder_version=&#8221;4.27.4&#8243; _module_preset=&#8221;default&#8221; background_image=&#8221;https:\/\/dutchsalads.nl\/wp-content\/uploads\/2025\/03\/GettyImages-1312002470-1.jpg&#8221; vertical_offset=&#8221;0px&#8221; z_index=&#8221;1&#8243; width=&#8221;100%&#8221; min_height=&#8221;463px&#8221; min_height_tablet=&#8221;380px&#8221; min_height_phone=&#8221;298px&#8221; min_height_last_edited=&#8221;on|tablet&#8221; custom_padding=&#8221;16%||16%||true|false&#8221; custom_padding_tablet=&#8221;16%||16%||true|false&#8221; custom_padding_phone=&#8221;16%||16%||true|false&#8221; background_last_edited=&#8221;on|phone&#8221; background_image_phone=&#8221;https:\/\/dutchsalads.nl\/wp-content\/uploads\/2025\/03\/GettyImages-1312002470-3.jpg&#8221; background_enable_image_phone=&#8221;on&#8221; global_colors_info=&#8221;{}&#8221;][et_pb_row _builder_version=&#8221;4.27.4&#8243; _module_preset=&#8221;default&#8221; positioning=&#8221;absolute&#8221; position_origin_a=&#8221;bottom_right&#8221; vertical_offset=&#8221;16%&#8221; horizontal_offset=&#8221;-5%&#8221; vertical_offset_tablet=&#8221;16%&#8221; vertical_offset_phone=&#8221;16%&#8221; vertical_offset_last_edited=&#8221;on|phone&#8221; horizontal_offset_tablet=&#8221;-11%&#8221; horizontal_offset_phone=&#8221;2%&#8221; horizontal_offset_last_edited=&#8221;on|tablet&#8221; position_origin_a_tablet=&#8221;&#8221; position_origin_a_phone=&#8221;&#8221; position_origin_a_last_edited=&#8221;on|phone&#8221; position_origin_f_tablet=&#8221;&#8221; position_origin_f_phone=&#8221;&#8221; position_origin_f_last_edited=&#8221;on|tablet&#8221; position_origin_r_tablet=&#8221;&#8221; position_origin_r_phone=&#8221;&#8221; position_origin_r_last_edited=&#8221;on|tablet&#8221; custom_margin=&#8221;0px|0px|0px|0px|false|false&#8221; custom_padding=&#8221;0px|0px|0px|0px|false|false&#8221; positioning_tablet=&#8221;absolute&#8221; positioning_phone=&#8221;absolute&#8221; positioning_last_edited=&#8221;on|desktop&#8221; global_colors_info=&#8221;{}&#8221;][et_pb_column type=&#8221;4_4&#8243; _builder_version=&#8221;4.27.4&#8243; _module_preset=&#8221;default&#8221; global_colors_info=&#8221;{}&#8221;][et_pb_text _builder_version=&#8221;4.27.4&#8243; _module_preset=&#8221;default&#8221; header_font=&#8221;Exo|900||on|||||&#8221; header_text_color=&#8221;#FFFFFF&#8221; header_font_size=&#8221;53px&#8221; header_letter_spacing=&#8221;1.4px&#8221; header_line_height=&#8221;117%&#8221; width=&#8221;528px&#8221; width_tablet=&#8221;363px&#8221; width_phone=&#8221;300px&#8221; width_last_edited=&#8221;on|phone&#8221; max_width_tablet=&#8221;&#8221; max_width_phone=&#8221;&#8221; max_width_last_edited=&#8221;on|desktop&#8221; height=&#8221;40px&#8221; custom_margin=&#8221;0px|0px|0px|0px|false|false&#8221; custom_padding=&#8221;0px|0px|0px|0px|false|false&#8221; header_font_size_tablet=&#8221;38px&#8221; header_font_size_phone=&#8221;28px&#8221; header_font_size_last_edited=&#8221;on|desktop&#8221; global_colors_info=&#8221;{}&#8221;]<\/p>\n<h1>a livable planet<\/h1>\n<p>[\/et_pb_text][\/et_pb_column][\/et_pb_row][\/et_pb_section][et_pb_section fb_built=&#8221;1&#8243; custom_padding_last_edited=&#8221;on|tablet&#8221; admin_label=&#8221;Textblok 1 Environment&#8221; _builder_version=&#8221;4.27.4&#8243; _module_preset=&#8221;default&#8221; custom_padding=&#8221;65px|0px|0px|0px|false|false&#8221; custom_padding_tablet=&#8221;45px||0px||false|false&#8221; custom_padding_phone=&#8221;24px||0px||false|false&#8221; global_colors_info=&#8221;{}&#8221;][et_pb_row custom_padding_last_edited=&#8221;on|phone&#8221; _builder_version=&#8221;4.27.4&#8243; _module_preset=&#8221;default&#8221; width=&#8221;auto&#8221; max_width=&#8221;none&#8221; module_alignment=&#8221;center&#8221; custom_padding=&#8221;0px|13.33%|0px|13.33%|false|true&#8221; custom_padding_tablet=&#8221;|10.97%||10.97%|false|true&#8221; custom_padding_phone=&#8221;|7.94%||7.94%|false|true&#8221; global_colors_info=&#8221;{}&#8221;][et_pb_column type=&#8221;4_4&#8243; _builder_version=&#8221;4.27.4&#8243; _module_preset=&#8221;default&#8221; global_colors_info=&#8221;{}&#8221;][et_pb_text _builder_version=&#8221;4.27.4&#8243; _module_preset=&#8221;432ea949-8555-4542-b7d3-b90305005e53&#8243; header_2_line_height=&#8221;0.5em&#8221; custom_padding=&#8221;0px|0px|0px|0px|false|false&#8221; hover_enabled=&#8221;0&#8243; global_colors_info=&#8221;{}&#8221; sticky_enabled=&#8221;0&#8243;]<\/p>\n<h1><strong>MEDIO AMBIENTE &amp; SOSTENIBILIDAD<\/strong><\/h1>\n<p>&nbsp;<\/p>\n<h2><strong>Energ\u00eda<\/strong><\/h2>\n<p>Disponemos de invernaderos de \u00faltima generaci\u00f3n, dise\u00f1ados para producir un producto hermoso, limpio y sostenible.<br \/>Para ahorrar y reutilizar la mayor cantidad de energ\u00eda posible, hemos implementado diversas medidas.<br \/>Por ejemplo, nuestras salas de clasificaci\u00f3n est\u00e1n equipadas con paneles solares que convierten la electricidad en calor mediante calderas el\u00e9ctricas. Adem\u00e1s, utilizamos los excedentes de energ\u00eda de los paneles solares y aerogeneradores de la regi\u00f3n. Finalmente, aprovechamos el calor residual de los puertos e industrias de la zona de R\u00f3terdam.<\/p>\n<p>[\/et_pb_text][\/et_pb_column][\/et_pb_row][\/et_pb_section][et_pb_section fb_built=&#8221;1&#8243; custom_padding_last_edited=&#8221;on|phone&#8221; admin_label=&#8221;State of the art greenhouses&#8221; _builder_version=&#8221;4.27.4&#8243; _module_preset=&#8221;default&#8221; custom_padding=&#8221;47px||0px||false|false&#8221; custom_padding_tablet=&#8221;40px||||false|false&#8221; custom_padding_phone=&#8221;32px||0px||false|false&#8221; global_colors_info=&#8221;{}&#8221;][et_pb_row _builder_version=&#8221;4.27.4&#8243; _module_preset=&#8221;default&#8221; background_image=&#8221;https:\/\/dutchsalads.nl\/wp-content\/uploads\/2025\/03\/greenhouse-state-of-2.jpg&#8221; vertical_offset_tablet=&#8221;&#8221; vertical_offset_phone=&#8221;0px&#8221; vertical_offset_last_edited=&#8221;on|phone&#8221; width=&#8221;auto&#8221; width_tablet=&#8221;auto&#8221; width_phone=&#8221;100%&#8221; width_last_edited=&#8221;on|phone&#8221; max_width=&#8221;1250.9px&#8221; module_alignment=&#8221;center&#8221; min_height=&#8221;351px&#8221; min_height_tablet=&#8221;351px&#8221; min_height_phone=&#8221;476px&#8221; min_height_last_edited=&#8221;on|phone&#8221; custom_margin=&#8221;0px|0px|0px|0px|false|false&#8221; custom_padding=&#8221;0px|0px|0px|0px|false|false&#8221; background_last_edited=&#8221;on|phone&#8221; background_image_phone=&#8221;https:\/\/dutchsalads.nl\/wp-content\/uploads\/2025\/03\/greenhouse-state-of-1.jpg&#8221; background_enable_image_phone=&#8221;on&#8221; global_colors_info=&#8221;{}&#8221;][et_pb_column type=&#8221;4_4&#8243; _builder_version=&#8221;4.27.4&#8243; _module_preset=&#8221;default&#8221; global_colors_info=&#8221;{}&#8221;][et_pb_text _builder_version=&#8221;4.27.4&#8243; _module_preset=&#8221;default&#8221; text_font_size=&#8221;18px&#8221; header_3_font=&#8221;Exo|500||on|||||&#8221; header_3_text_color=&#8221;#000000&#8243; header_3_font_size=&#8221;24px&#8221; header_3_line_height=&#8221;100%&#8221; background_color=&#8221;#FFC700&#8243; positioning=&#8221;absolute&#8221; vertical_offset=&#8221;38px&#8221; horizontal_offset=&#8221;31px&#8221; vertical_offset_tablet=&#8221;81px&#8221; vertical_offset_phone=&#8221;219px&#8221; vertical_offset_last_edited=&#8221;on|tablet&#8221; horizontal_offset_tablet=&#8221;23px&#8221; horizontal_offset_phone=&#8221;31px&#8221; horizontal_offset_last_edited=&#8221;on|desktop&#8221; width=&#8221;100%&#8221; max_width=&#8221;363px&#8221; max_width_tablet=&#8221;344px&#8221; max_width_phone=&#8221;328px&#8221; max_width_last_edited=&#8221;on|phone&#8221; min_height_tablet=&#8221;&#8221; min_height_phone=&#8221;&#8221; min_height_last_edited=&#8221;on|phone&#8221; custom_padding=&#8221;29px|24px|28px|33px|false|false&#8221; custom_padding_tablet=&#8221;32px|28px|32px|30px|false|false&#8221; custom_padding_phone=&#8221;26px|22px||30px|false|false&#8221; custom_padding_last_edited=&#8221;on|tablet&#8221; hover_enabled=&#8221;0&#8243; text_font_size_tablet=&#8221;16px&#8221; text_font_size_phone=&#8221;15px&#8221; text_font_size_last_edited=&#8221;on|desktop&#8221; header_3_font_size_tablet=&#8221;22px&#8221; header_3_font_size_phone=&#8221;20px&#8221; header_3_font_size_last_edited=&#8221;on|desktop&#8221; border_radii=&#8221;on|20px|20px|20px|20px&#8221; global_colors_info=&#8221;{}&#8221; sticky_enabled=&#8221;0&#8243;]<\/p>\n<h3>INVERNADEROS DE \u00daLTIMA GENERACI\u00d3N<\/h3>\n<p>Dise\u00f1ados para producir productos hermosos, limpios y sostenibles, optimizando el uso de la energ\u00eda y aprovechando el calor residual de los puertos e industrias de R\u00f3terdam.<\/p>\n<p>[\/et_pb_text][\/et_pb_column][\/et_pb_row][\/et_pb_section][et_pb_section fb_built=&#8221;1&#8243; custom_padding_last_edited=&#8221;on|phone&#8221; admin_label=&#8221;Textblok 2 Environment&#8221; _builder_version=&#8221;4.27.4&#8243; _module_preset=&#8221;default&#8221; custom_padding=&#8221;50px|0px|0px|0px|false|false&#8221; custom_padding_tablet=&#8221;45px||0px||false|false&#8221; custom_padding_phone=&#8221;40px||0px||false|false&#8221; global_colors_info=&#8221;{}&#8221;][et_pb_row custom_padding_last_edited=&#8221;on|phone&#8221; _builder_version=&#8221;4.27.4&#8243; _module_preset=&#8221;default&#8221; width=&#8221;auto&#8221; max_width=&#8221;none&#8221; module_alignment=&#8221;center&#8221; custom_padding=&#8221;0px|13.33%|0px|13.33%|false|true&#8221; custom_padding_tablet=&#8221;|10.97%||10.97%|false|true&#8221; custom_padding_phone=&#8221;|7.94%||7.94%|false|true&#8221; global_colors_info=&#8221;{}&#8221;][et_pb_column type=&#8221;4_4&#8243; _builder_version=&#8221;4.27.4&#8243; _module_preset=&#8221;default&#8221; global_colors_info=&#8221;{}&#8221;][et_pb_text _builder_version=&#8221;4.27.4&#8243; _module_preset=&#8221;432ea949-8555-4542-b7d3-b90305005e53&#8243; custom_padding=&#8221;0px|0px|0px|0px|false|false&#8221; hover_enabled=&#8221;0&#8243; global_colors_info=&#8221;{}&#8221; sticky_enabled=&#8221;0&#8243;]<\/p>\n<p>Lo mejor es que toda esta energ\u00eda generada durante el d\u00eda se puede almacenar, permitiendo calentar los invernaderos tambi\u00e9n por la noche. Las pantallas dobles en los invernaderos ayudan a conservar el calor, maximizando la eficiencia energ\u00e9tica.<br \/>En d\u00edas menos soleados, podemos recurrir a unidades de cogeneraci\u00f3n (CHP) que convierten el gas en calor, CO\u2082 y electricidad. El calor y el CO\u2082 se utilizan para las plantas en los invernaderos, mientras que la electricidad se devuelve a la red p\u00fablica.<br \/>Actualmente, estamos realizando pruebas para extraer CO\u2082 del aire, con el objetivo de alcanzar la neutralidad clim\u00e1tica en los pr\u00f3ximos a\u00f1os.<\/p>\n<p>[\/et_pb_text][\/et_pb_column][\/et_pb_row][\/et_pb_section][et_pb_section fb_built=&#8221;1&#8243; custom_padding_last_edited=&#8221;on|phone&#8221; disabled_on=&#8221;on|off|off&#8221; admin_label=&#8221;Inzet water&#8221; _builder_version=&#8221;4.27.4&#8243; _module_preset=&#8221;default&#8221; module_alignment=&#8221;center&#8221; custom_padding=&#8221;42px||0px||false|false&#8221; custom_padding_tablet=&#8221;42px||||false|false&#8221; custom_padding_phone=&#8221;41px||0px||false|false&#8221; global_colors_info=&#8221;{}&#8221;][et_pb_row column_structure=&#8221;1_2,1_2&#8243; make_equal=&#8221;on&#8221; custom_padding_last_edited=&#8221;on|tablet&#8221; _builder_version=&#8221;4.27.4&#8243; _module_preset=&#8221;default&#8221; background_color=&#8221;#FFC700&#8243; width=&#8221;100%&#8221; max_width=&#8221;1153px&#8221; max_width_tablet=&#8221;785px&#8221; max_width_phone=&#8221;785px&#8221; max_width_last_edited=&#8221;on|tablet&#8221; module_alignment=&#8221;center&#8221; custom_margin=&#8221;0px|0px|0px|0px|false|true&#8221; custom_padding=&#8221;3%|0px|3%|0px|true|false&#8221; custom_padding_tablet=&#8221;36px|20px||20px|false|true&#8221; custom_padding_phone=&#8221;36px|20px||20px|false|true&#8221; border_radii=&#8221;on|20px|20px|20px|20px&#8221; global_colors_info=&#8221;{}&#8221; custom_css_main_element_last_edited=&#8221;on|tablet&#8221; custom_css_main_element_tablet=&#8221;display: flex;||column-gap: 20px;&#8221; custom_css_main_element_phone=&#8221;display: flex;||column-gap: 20px;&#8221;][et_pb_column type=&#8221;1_2&#8243; _builder_version=&#8221;4.27.4&#8243; _module_preset=&#8221;default&#8221; custom_padding=&#8221;0px|0px|0px|0px|true|true&#8221; global_colors_info=&#8221;{}&#8221;][et_pb_text _builder_version=&#8221;4.27.4&#8243; _module_preset=&#8221;default&#8221; header_line_height=&#8221;100%&#8221; header_2_line_height=&#8221;0.5em&#8221; text_orientation=&#8221;justified&#8221; custom_margin=&#8221;0px|0px|0px|0px|true|true&#8221; custom_padding=&#8221;0px|0px|0px|0px|true|true&#8221; hover_enabled=&#8221;0&#8243; text_font_size_tablet=&#8221;17px&#8221; custom_css_free_form=&#8221;    .et_pb_gutters2 .et_pb_column_1_2, .et_pb_gutters2.et_pb_row .et_pb_column_1_2 {||        width: 43% !important;||    }&#8221; global_colors_info=&#8221;{}&#8221; sticky_enabled=&#8221;0&#8243;]<\/p>\n<h2>Agua<\/h2>\n<p>Recolectamos agua de lluvia en enormes dep\u00f3sitos. Los invernaderos cuentan con canaletas que capturan toda el agua de lluvia. Esta agua se desinfecta y filtra antes de suministrarse a las plantas. El exceso de agua no absorbido por las plantas se vuelve a desinfectar y filtrar a trav\u00e9s de canaletas de cultivo y se reutiliza.<\/p>\n<p>[\/et_pb_text][\/et_pb_column][et_pb_column type=&#8221;1_2&#8243; _builder_version=&#8221;4.27.4&#8243; _module_preset=&#8221;default&#8221; custom_padding=&#8221;0px|0px|0px|0px|false|true&#8221; global_colors_info=&#8221;{}&#8221;][et_pb_image src=&#8221;https:\/\/dutchsalads.nl\/wp-content\/uploads\/2025\/04\/green-house-2.jpg&#8221; title_text=&#8221;green house (2)&#8221; _builder_version=&#8221;4.27.4&#8243; _module_preset=&#8221;default&#8221; width=&#8221;452px&#8221; max_width=&#8221;100%&#8221; max_width_tablet=&#8221;358px&#8221; max_width_phone=&#8221;358px&#8221; max_width_last_edited=&#8221;on|tablet&#8221; module_alignment=&#8221;right&#8221; height=&#8221;310px&#8221; global_colors_info=&#8221;{}&#8221;][\/et_pb_image][\/et_pb_column][\/et_pb_row][\/et_pb_section][et_pb_section fb_built=&#8221;1&#8243; disabled_on=&#8221;off|on|on&#8221; admin_label=&#8221;Water mobile&#8221; _builder_version=&#8221;4.27.4&#8243; _module_preset=&#8221;default&#8221; global_colors_info=&#8221;{}&#8221;][et_pb_row _builder_version=&#8221;4.27.4&#8243; _module_preset=&#8221;default&#8221; background_color=&#8221;#FFC700&#8243; width=&#8221;100%&#8221; max_width=&#8221;328px&#8221; custom_padding=&#8221;|20px||20px|false|true&#8221; border_radii=&#8221;on|20px|20px|20px|20px&#8221; global_colors_info=&#8221;{}&#8221;][et_pb_column type=&#8221;4_4&#8243; _builder_version=&#8221;4.27.4&#8243; _module_preset=&#8221;default&#8221; global_colors_info=&#8221;{}&#8221;][et_pb_text _builder_version=&#8221;4.27.4&#8243; _module_preset=&#8221;default&#8221; header_line_height=&#8221;100%&#8221; header_2_line_height=&#8221;0.5em&#8221; custom_padding=&#8221;0px||0px||false|false&#8221; hover_enabled=&#8221;0&#8243; global_colors_info=&#8221;{}&#8221; sticky_enabled=&#8221;0&#8243;]<\/p>\n<h1>Agua<\/h1>\n<p>Recolectamos agua de lluvia en enormes dep\u00f3sitos. Los invernaderos cuentan con canaletas que capturan toda el agua de lluvia. Esta agua se desinfecta y filtra antes de suministrarse a las plantas. El exceso de agua no absorbido por las plantas se vuelve a desinfectar y filtrar a trav\u00e9s de canaletas de cultivo y se reutiliza.<\/p>\n<p>[\/et_pb_text][et_pb_image src=&#8221;https:\/\/dutchsalads.nl\/wp-content\/uploads\/2025\/04\/green-house-3.jpg&#8221; title_text=&#8221;green house (3)&#8221; align=&#8221;center&#8221; _builder_version=&#8221;4.27.4&#8243; _module_preset=&#8221;default&#8221; custom_margin=&#8221;0px|0px|0px|0px|false|false&#8221; custom_padding=&#8221;0px|0px|0px|0px|false|false&#8221; global_colors_info=&#8221;{}&#8221;][\/et_pb_image][\/et_pb_column][\/et_pb_row][\/et_pb_section][et_pb_section fb_built=&#8221;1&#8243; custom_padding_last_edited=&#8221;on|tablet&#8221; admin_label=&#8221;Textblok 3 Environment&#8221; _builder_version=&#8221;4.27.4&#8243; _module_preset=&#8221;default&#8221; custom_padding=&#8221;44px|0px|0px|0px|false|false&#8221; custom_padding_tablet=&#8221;42px||0px||false|false&#8221; custom_padding_phone=&#8221;40px||0px||false|false&#8221; global_colors_info=&#8221;{}&#8221;][et_pb_row custom_padding_last_edited=&#8221;on|phone&#8221; _builder_version=&#8221;4.27.4&#8243; _module_preset=&#8221;default&#8221; width=&#8221;auto&#8221; max_width=&#8221;none&#8221; module_alignment=&#8221;center&#8221; custom_padding=&#8221;0px|13.33%|0px|13.33%|false|true&#8221; custom_padding_tablet=&#8221;|10.97%||10.97%|false|true&#8221; custom_padding_phone=&#8221;|7.94%||7.94%|false|true&#8221; global_colors_info=&#8221;{}&#8221;][et_pb_column type=&#8221;4_4&#8243; _builder_version=&#8221;4.27.4&#8243; _module_preset=&#8221;default&#8221; global_colors_info=&#8221;{}&#8221;][et_pb_text _builder_version=&#8221;4.27.4&#8243; _module_preset=&#8221;432ea949-8555-4542-b7d3-b90305005e53&#8243; custom_padding=&#8221;0px|0px|0px|0px|false|false&#8221; hover_enabled=&#8221;0&#8243; global_colors_info=&#8221;{}&#8221; sticky_enabled=&#8221;0&#8243;]<\/p>\n<h2><strong>Biolog\u00eda<\/strong><\/h2>\n<p>Desde el momento en que las plantas j\u00f3venes entran en nuestros invernaderos, utilizamos m\u00e9todos de control biol\u00f3gico de plagas. Numerosas c\u00e1maras detectan insectos da\u00f1inos, permiti\u00e9ndonos liberar inmediatamente depredadores biol\u00f3gicos como \u00e1caros depredadores y avispas parasitoides.<br \/>Realizamos pruebas peri\u00f3dicas para verificar que los productos est\u00e9n limpios y libres de pesticidas. Los resultados de estas pruebas se comparten con los clientes.<br \/>Para garantizar calidad, sostenibilidad y un producto limpio, Dutch Salads ha implementado varios sistemas de certificaci\u00f3n, como GlobalGAP, Grasp, IFS, PlanetProof y Sedex. Estos sistemas documentan nuestros m\u00e9todos de trabajo y archivado, y son auditados anualmente.<br \/>Compartimos todos los certificados, documentos relevantes y resultados de an\u00e1lisis de residuos (MRL) con nuestros clientes a trav\u00e9s de Agriplace.<\/p>\n<p>[\/et_pb_text][\/et_pb_column][\/et_pb_row][\/et_pb_section][et_pb_section fb_built=&#8221;1&#8243; custom_padding_last_edited=&#8221;on|tablet&#8221; admin_label=&#8221;Video Environment&#8221; _builder_version=&#8221;4.27.4&#8243; _module_preset=&#8221;default&#8221; custom_padding=&#8221;40px||80px||false|false&#8221; custom_padding_tablet=&#8221;35px||50px||false|false&#8221; custom_padding_phone=&#8221;33px||47px||false|false&#8221; global_colors_info=&#8221;{}&#8221;][et_pb_row custom_padding_last_edited=&#8221;on|phone&#8221; _builder_version=&#8221;4.27.4&#8243; _module_preset=&#8221;default&#8221; background_color=&#8221;#f5f5f5&#8243; width=&#8221;100%&#8221; max_width=&#8221;1153px&#8221; module_alignment=&#8221;center&#8221; custom_padding=&#8221;73px|108px|72px|109px|false|false&#8221; custom_padding_tablet=&#8221;73px|108px|72px|109px|false|false&#8221; custom_padding_phone=&#8221;37px|31px|37px|31px|true|true&#8221; global_colors_info=&#8221;{}&#8221;][et_pb_column type=&#8221;4_4&#8243; _builder_version=&#8221;4.27.4&#8243; _module_preset=&#8221;default&#8221; global_colors_info=&#8221;{}&#8221;][et_pb_video src=&#8221;https:\/\/dutchsalads.nl\/wp-content\/uploads\/2025\/02\/2025_Dutch_Salads_1920x1080_EnvironmentSustainability.mp4&#8243; _builder_version=&#8221;4.27.4&#8243; _module_preset=&#8221;default&#8221; global_colors_info=&#8221;{}&#8221;][\/et_pb_video][\/et_pb_column][\/et_pb_row][\/et_pb_section]<\/p>\n","protected":false},"excerpt":{"rendered":"<p>a livable planetMEDIO AMBIENTE &amp; SOSTENIBILIDAD &nbsp; Energ\u00eda Disponemos de invernaderos de \u00faltima generaci\u00f3n, dise\u00f1ados para producir un producto hermoso, limpio y sostenible.Para ahorrar y reutilizar la mayor cantidad de energ\u00eda posible, hemos implementado diversas medidas.Por ejemplo, nuestras salas de clasificaci\u00f3n est\u00e1n equipadas con paneles solares que convierten la electricidad en calor mediante calderas el\u00e9ctricas. [&hellip;]<\/p>\n","protected":false},"author":2,"featured_media":0,"parent":0,"menu_order":0,"comment_status":"closed","ping_status":"closed","template":"","meta":{"_et_pb_use_builder":"on","_et_pb_old_content":"","_et_gb_content_width":"","footnotes":""},"class_list":["post-4444","page","type-page","status-publish","hentry"],"_links":{"self":[{"href":"https:\/\/dutchsalads.nl\/index.php\/wp-json\/wp\/v2\/pages\/4444","targetHints":{"allow":["GET"]}}],"collection":[{"href":"https:\/\/dutchsalads.nl\/index.php\/wp-json\/wp\/v2\/pages"}],"about":[{"href":"https:\/\/dutchsalads.nl\/index.php\/wp-json\/wp\/v2\/types\/page"}],"author":[{"embeddable":true,"href":"https:\/\/dutchsalads.nl\/index.php\/wp-json\/wp\/v2\/users\/2"}],"replies":[{"embeddable":true,"href":"https:\/\/dutchsalads.nl\/index.php\/wp-json\/wp\/v2\/comments?post=4444"}],"version-history":[{"count":2,"href":"https:\/\/dutchsalads.nl\/index.php\/wp-json\/wp\/v2\/pages\/4444\/revisions"}],"predecessor-version":[{"id":4456,"href":"https:\/\/dutchsalads.nl\/index.php\/wp-json\/wp\/v2\/pages\/4444\/revisions\/4456"}],"wp:attachment":[{"href":"https:\/\/dutchsalads.nl\/index.php\/wp-json\/wp\/v2\/media?parent=4444"}],"curies":[{"name":"wp","href":"https:\/\/api.w.org\/{rel}","templated":true}]}}