{"id":4448,"date":"2025-06-10T12:32:35","date_gmt":"2025-06-10T12:32:35","guid":{"rendered":"https:\/\/dutchsalads.nl\/?page_id=4448"},"modified":"2025-06-17T11:12:28","modified_gmt":"2025-06-17T11:12:28","slug":"declaracion-de-privacidad","status":"publish","type":"page","link":"https:\/\/dutchsalads.nl\/index.php\/es\/declaracion-de-privacidad\/","title":{"rendered":"Declaraci\u00f3n de privacidad"},"content":{"rendered":"<p>[et_pb_section fb_built=&#8221;1&#8243; custom_padding_last_edited=&#8221;on|tablet&#8221; admin_label=&#8221;Textblok 1 Environment&#8221; _builder_version=&#8221;4.27.4&#8243; _module_preset=&#8221;default&#8221; custom_padding=&#8221;65px|0px|80px|0px|false|false&#8221; custom_padding_tablet=&#8221;45px||55px||false|false&#8221; custom_padding_phone=&#8221;24px||20px||false|false&#8221; global_colors_info=&#8221;{}&#8221;][et_pb_row custom_padding_last_edited=&#8221;on|phone&#8221; _builder_version=&#8221;4.27.4&#8243; _module_preset=&#8221;default&#8221; width=&#8221;auto&#8221; max_width=&#8221;none&#8221; module_alignment=&#8221;center&#8221; custom_padding=&#8221;0px|13.33%|0px|13.33%|false|true&#8221; custom_padding_tablet=&#8221;|10.97%||10.97%|false|true&#8221; custom_padding_phone=&#8221;|7.94%||7.94%|false|true&#8221; global_colors_info=&#8221;{}&#8221;][et_pb_column type=&#8221;4_4&#8243; _builder_version=&#8221;4.27.4&#8243; _module_preset=&#8221;default&#8221; global_colors_info=&#8221;{}&#8221;][et_pb_text _builder_version=&#8221;4.27.4&#8243; _module_preset=&#8221;432ea949-8555-4542-b7d3-b90305005e53&#8243; custom_padding=&#8221;0px|0px|0px|0px|false|false&#8221; hover_enabled=&#8221;0&#8243; global_colors_info=&#8221;{}&#8221; sticky_enabled=&#8221;0&#8243;]<\/p>\n<h1 data-start=\"83\" data-end=\"112\"><strong data-start=\"83\" data-end=\"112\">Declaraci\u00f3n de privacidad<\/strong><\/h1>\n<p data-start=\"114\" data-end=\"307\">Valoramos mucho la privacidad de nuestros visitantes y clientes. En esta declaraci\u00f3n de privacidad explicamos qu\u00e9 datos recopilamos, por qu\u00e9 los recopilamos y c\u00f3mo protegemos dicha informaci\u00f3n.<\/p>\n<p data-start=\"309\" data-end=\"441\"><strong data-start=\"309\" data-end=\"336\">\u00bfQu\u00e9 datos recopilamos?<\/strong><br data-start=\"336\" data-end=\"339\" \/>Podemos recopilar los siguientes datos cuando visitas nuestro sitio web o utilizas nuestros servicios:<\/p>\n<ul data-start=\"443\" data-end=\"728\">\n<li data-start=\"443\" data-end=\"595\">\n<p data-start=\"445\" data-end=\"595\">Nombre e informaci\u00f3n de contacto (como direcci\u00f3n de correo electr\u00f3nico y n\u00famero de tel\u00e9fono) si los proporcionas mediante un formulario de contacto;<\/p>\n<\/li>\n<li data-start=\"596\" data-end=\"662\">\n<p data-start=\"598\" data-end=\"662\">Direcci\u00f3n IP e informaci\u00f3n del navegador con fines anal\u00edticos;<\/p>\n<\/li>\n<li data-start=\"663\" data-end=\"728\">\n<p data-start=\"665\" data-end=\"728\">Cualquier otro dato que compartas voluntariamente con nosotros.<\/p>\n<\/li>\n<\/ul>\n<p data-start=\"730\" data-end=\"810\"><strong data-start=\"730\" data-end=\"767\">\u00bfPor qu\u00e9 recopilamos estos datos?<\/strong><br data-start=\"767\" data-end=\"770\" \/>Recopilamos y utilizamos tus datos para:<\/p>\n<ul data-start=\"812\" data-end=\"1002\">\n<li data-start=\"812\" data-end=\"853\">\n<p data-start=\"814\" data-end=\"853\">Prestar y mejorar nuestros servicios;<\/p>\n<\/li>\n<li data-start=\"854\" data-end=\"902\">\n<p data-start=\"856\" data-end=\"902\">Responder a tus preguntas y brindar soporte;<\/p>\n<\/li>\n<li data-start=\"903\" data-end=\"966\">\n<p data-start=\"905\" data-end=\"966\">Optimizar la experiencia en el sitio web mediante an\u00e1lisis;<\/p>\n<\/li>\n<li data-start=\"967\" data-end=\"1002\">\n<p data-start=\"969\" data-end=\"1002\">Cumplir con obligaciones legales.<\/p>\n<\/li>\n<\/ul>\n<p data-start=\"1004\" data-end=\"1187\"><strong data-start=\"1004\" data-end=\"1035\">\u00bfC\u00f3mo protegemos tus datos?<\/strong><br data-start=\"1035\" data-end=\"1038\" \/>Adoptamos medidas t\u00e9cnicas y organizativas adecuadas para proteger tus datos personales contra el acceso no autorizado, la p\u00e9rdida o el uso indebido.<\/p>\n<p data-start=\"1189\" data-end=\"1440\"><strong data-start=\"1189\" data-end=\"1229\">\u00bfCompartimos tus datos con terceros?<\/strong><br data-start=\"1229\" data-end=\"1232\" \/>No vendemos ni alquilamos tus datos personales a terceros. Podemos compartir datos con proveedores de servicios que nos ayudan en nuestras actividades, siempre que respeten nuestras directrices de privacidad.<\/p>\n<p data-start=\"1442\" data-end=\"1603\"><strong data-start=\"1442\" data-end=\"1458\">Tus derechos<\/strong><br data-start=\"1458\" data-end=\"1461\" \/>Tienes derecho a acceder, corregir o eliminar tus datos personales. Ponte en contacto con nosotros si deseas ejercer alguno de estos derechos.<\/p>\n<p data-start=\"1605\" data-end=\"1793\"><strong data-start=\"1605\" data-end=\"1650\">Cambios en esta declaraci\u00f3n de privacidad<\/strong><br data-start=\"1650\" data-end=\"1653\" \/>Podemos actualizar esta declaraci\u00f3n de privacidad ocasionalmente. Consulta esta p\u00e1gina con regularidad para conocer la versi\u00f3n m\u00e1s reciente.<\/p>\n<p data-start=\"1795\" data-end=\"1865\"><strong data-start=\"1795\" data-end=\"1817\">\u00bfTienes preguntas?<\/strong><br data-start=\"1817\" data-end=\"1820\" \/>No dudes en ponerte en contacto con nosotros.<\/p>\n<p>[\/et_pb_text][\/et_pb_column][\/et_pb_row][\/et_pb_section]<\/p>\n","protected":false},"excerpt":{"rendered":"<p>Declaraci\u00f3n de privacidad Valoramos mucho la privacidad de nuestros visitantes y clientes. En esta declaraci\u00f3n de privacidad explicamos qu\u00e9 datos recopilamos, por qu\u00e9 los recopilamos y c\u00f3mo protegemos dicha informaci\u00f3n. \u00bfQu\u00e9 datos recopilamos?Podemos recopilar los siguientes datos cuando visitas nuestro sitio web o utilizas nuestros servicios: Nombre e informaci\u00f3n de contacto (como direcci\u00f3n de correo [&hellip;]<\/p>\n","protected":false},"author":2,"featured_media":0,"parent":0,"menu_order":5,"comment_status":"closed","ping_status":"closed","template":"","meta":{"_et_pb_use_builder":"on","_et_pb_old_content":"","_et_gb_content_width":"","footnotes":""},"class_list":["post-4448","page","type-page","status-publish","hentry"],"_links":{"self":[{"href":"https:\/\/dutchsalads.nl\/index.php\/wp-json\/wp\/v2\/pages\/4448","targetHints":{"allow":["GET"]}}],"collection":[{"href":"https:\/\/dutchsalads.nl\/index.php\/wp-json\/wp\/v2\/pages"}],"about":[{"href":"https:\/\/dutchsalads.nl\/index.php\/wp-json\/wp\/v2\/types\/page"}],"author":[{"embeddable":true,"href":"https:\/\/dutchsalads.nl\/index.php\/wp-json\/wp\/v2\/users\/2"}],"replies":[{"embeddable":true,"href":"https:\/\/dutchsalads.nl\/index.php\/wp-json\/wp\/v2\/comments?post=4448"}],"version-history":[{"count":3,"href":"https:\/\/dutchsalads.nl\/index.php\/wp-json\/wp\/v2\/pages\/4448\/revisions"}],"predecessor-version":[{"id":4815,"href":"https:\/\/dutchsalads.nl\/index.php\/wp-json\/wp\/v2\/pages\/4448\/revisions\/4815"}],"wp:attachment":[{"href":"https:\/\/dutchsalads.nl\/index.php\/wp-json\/wp\/v2\/media?parent=4448"}],"curies":[{"name":"wp","href":"https:\/\/api.w.org\/{rel}","templated":true}]}}