{"id":4568,"date":"2025-06-10T15:07:17","date_gmt":"2025-06-10T15:07:17","guid":{"rendered":"https:\/\/dutchsalads.nl\/?page_id=4568"},"modified":"2025-06-10T15:08:22","modified_gmt":"2025-06-10T15:08:22","slug":"privacy-beleid-2","status":"publish","type":"page","link":"https:\/\/dutchsalads.nl\/index.php\/fr\/privacy-beleid-2\/","title":{"rendered":"d\u00e9claration de confidentialit\u00e9"},"content":{"rendered":"<p>[et_pb_section fb_built=&#8221;1&#8243; custom_padding_last_edited=&#8221;on|tablet&#8221; admin_label=&#8221;Textblok 1 Environment&#8221; _builder_version=&#8221;4.27.4&#8243; _module_preset=&#8221;default&#8221; custom_padding=&#8221;65px|0px|80px|0px|false|false&#8221; custom_padding_tablet=&#8221;45px||55px||false|false&#8221; custom_padding_phone=&#8221;24px||20px||false|false&#8221; global_colors_info=&#8221;{}&#8221;][et_pb_row custom_padding_last_edited=&#8221;on|phone&#8221; _builder_version=&#8221;4.27.4&#8243; _module_preset=&#8221;default&#8221; width=&#8221;auto&#8221; max_width=&#8221;none&#8221; module_alignment=&#8221;center&#8221; custom_padding=&#8221;0px|13.33%|0px|13.33%|false|true&#8221; custom_padding_tablet=&#8221;|10.97%||10.97%|false|true&#8221; custom_padding_phone=&#8221;|7.94%||7.94%|false|true&#8221; global_colors_info=&#8221;{}&#8221;][et_pb_column type=&#8221;4_4&#8243; _builder_version=&#8221;4.27.4&#8243; _module_preset=&#8221;default&#8221; global_colors_info=&#8221;{}&#8221;][et_pb_text _builder_version=&#8221;4.27.4&#8243; _module_preset=&#8221;432ea949-8555-4542-b7d3-b90305005e53&#8243; custom_padding=&#8221;0px|0px|0px|0px|false|false&#8221; hover_enabled=&#8221;0&#8243; global_colors_info=&#8221;{}&#8221; sticky_enabled=&#8221;0&#8243;]<\/p>\n<h1>D\u00e9claration de confidentialit\u00e9<\/h1>\n<p>Nous accordons une grande importance \u00e0 la confidentialit\u00e9 de nos visiteurs et clients. Dans cette d\u00e9claration de confidentialit\u00e9, nous expliquons quelles donn\u00e9es nous collectons, pourquoi nous les collectons et comment nous les prot\u00e9geons.<\/p>\n<p><strong>Quelles donn\u00e9es collectons-nous ?<\/strong> Nous pouvons collecter les donn\u00e9es suivantes lorsque vous visitez notre site web ou utilisez nos services :<\/p>\n<p>Nom et coordonn\u00e9es (telles que l&#8217;adresse e-mail et le num\u00e9ro de t\u00e9l\u00e9phone) si vous les fournissez via un formulaire de contact ;<br \/>Adresse IP et donn\u00e9es de navigation \u00e0 des fins d&#8217;analyse ;<br \/>Toute autre donn\u00e9e que vous partagez volontairement avec nous.<\/p>\n<p><strong>Pourquoi collectons-nous ces donn\u00e9es ?<\/strong> Nous collectons et utilisons vos donn\u00e9es pour :<\/p>\n<p>Fournir et am\u00e9liorer nos services ;<br \/>R\u00e9pondre \u00e0 vos questions et vous offrir une assistance ;<br \/>Optimiser l&#8217;exp\u00e9rience sur le site web gr\u00e2ce \u00e0 des analyses ;<br \/>Respecter les obligations l\u00e9gales.<\/p>\n<p><strong>Comment prot\u00e9geons-nous vos donn\u00e9es ?<\/strong> techniques et organisationnelles appropri\u00e9es pour prot\u00e9ger vos donn\u00e9es personnelles contre tout acc\u00e8s non autoris\u00e9, perte ou utilisation abusive.<\/p>\n<p><strong>Partageons-nous vos donn\u00e9es avec des tiers ?<\/strong> Nous ne vendons ni ne louons vos donn\u00e9es personnelles \u00e0 des tiers. Les donn\u00e9es peuvent \u00eatre partag\u00e9es avec des prestataires de services qui nous aident dans nos activit\u00e9s, \u00e0 condition qu&#8217;ils respectent nos directives en mati\u00e8re de confidentialit\u00e9.<\/p>\n<p>Vos droits Vous avez le droit de consulter, de corriger ou de supprimer vos donn\u00e9es personnelles. Veuillez nous contacter si vous souhaitez exercer ces droits.<\/p>\n<p>Modifications de la pr\u00e9sente d\u00e9claration de confidentialit\u00e9 Nous pouvons mettre \u00e0 jour la pr\u00e9sente d\u00e9claration de confidentialit\u00e9 de temps \u00e0 autre. Consultez r\u00e9guli\u00e8rement cette page pour obtenir la version la plus r\u00e9cente.<\/p>\n<p><strong>Vous avez des questions ?<\/strong> N&#8217;h\u00e9sitez pas \u00e0 nous contacter.<\/p>\n<p>[\/et_pb_text][\/et_pb_column][\/et_pb_row][\/et_pb_section]<\/p>\n","protected":false},"excerpt":{"rendered":"<p>D\u00e9claration de confidentialit\u00e9 Nous accordons une grande importance \u00e0 la confidentialit\u00e9 de nos visiteurs et clients. Dans cette d\u00e9claration de confidentialit\u00e9, nous expliquons quelles donn\u00e9es nous collectons, pourquoi nous les collectons et comment nous les prot\u00e9geons. Quelles donn\u00e9es collectons-nous ? Nous pouvons collecter les donn\u00e9es suivantes lorsque vous visitez notre site web ou utilisez nos [&hellip;]<\/p>\n","protected":false},"author":2,"featured_media":0,"parent":0,"menu_order":5,"comment_status":"closed","ping_status":"closed","template":"","meta":{"_et_pb_use_builder":"on","_et_pb_old_content":"","_et_gb_content_width":"","footnotes":""},"class_list":["post-4568","page","type-page","status-publish","hentry"],"_links":{"self":[{"href":"https:\/\/dutchsalads.nl\/index.php\/wp-json\/wp\/v2\/pages\/4568","targetHints":{"allow":["GET"]}}],"collection":[{"href":"https:\/\/dutchsalads.nl\/index.php\/wp-json\/wp\/v2\/pages"}],"about":[{"href":"https:\/\/dutchsalads.nl\/index.php\/wp-json\/wp\/v2\/types\/page"}],"author":[{"embeddable":true,"href":"https:\/\/dutchsalads.nl\/index.php\/wp-json\/wp\/v2\/users\/2"}],"replies":[{"embeddable":true,"href":"https:\/\/dutchsalads.nl\/index.php\/wp-json\/wp\/v2\/comments?post=4568"}],"version-history":[{"count":2,"href":"https:\/\/dutchsalads.nl\/index.php\/wp-json\/wp\/v2\/pages\/4568\/revisions"}],"predecessor-version":[{"id":4577,"href":"https:\/\/dutchsalads.nl\/index.php\/wp-json\/wp\/v2\/pages\/4568\/revisions\/4577"}],"wp:attachment":[{"href":"https:\/\/dutchsalads.nl\/index.php\/wp-json\/wp\/v2\/media?parent=4568"}],"curies":[{"name":"wp","href":"https:\/\/api.w.org\/{rel}","templated":true}]}}